{"id":124,"date":"2019-02-15T20:26:03","date_gmt":"2019-02-15T17:26:03","guid":{"rendered":"http:\/\/merdivenfilesi.com\/?page_id=124"},"modified":"2020-10-01T19:53:48","modified_gmt":"2020-10-01T16:53:48","slug":"hakkimizda","status":"publish","type":"page","link":"https:\/\/merdivenfilesi.com\/index.php\/hakkimizda\/","title":{"rendered":"Hakk\u0131m\u0131zda"},"content":{"rendered":"\t\t<div data-elementor-type=\"wp-page\" data-elementor-id=\"124\" class=\"elementor elementor-124\" data-elementor-settings=\"[]\">\n\t\t\t\t\t\t<div class=\"elementor-inner\">\n\t\t\t\t\t\t\t<div class=\"elementor-section-wrap\">\n\t\t\t\t\t\t\t<section class=\"elementor-section elementor-top-section elementor-element elementor-element-155c106 elementor-section-boxed elementor-section-height-default elementor-section-height-default\" data-id=\"155c106\" data-element_type=\"section\">\n\t\t\t\t\t\t<div class=\"elementor-container elementor-column-gap-default\">\n\t\t\t\t\t\t\t<div class=\"elementor-row\">\n\t\t\t\t\t<div class=\"elementor-column elementor-col-50 elementor-top-column elementor-element elementor-element-6dbd88e\" data-id=\"6dbd88e\" data-element_type=\"column\">\n\t\t\t<div class=\"elementor-column-wrap elementor-element-populated\">\n\t\t\t\t\t\t\t<div class=\"elementor-widget-wrap\">\n\t\t\t\t\t\t<div class=\"elementor-element elementor-element-551108a elementor-widget elementor-widget-text-editor\" data-id=\"551108a\" data-element_type=\"widget\" data-widget_type=\"text-editor.default\">\n\t\t\t\t<div class=\"elementor-widget-container\">\n\t\t\t\t\t\t\t\t<div class=\"elementor-text-editor elementor-clearfix\">\n\t\t\t\t<!-- wp:paragraph -->\n<p>Beta File, 2012 y\u0131l\u0131ndan bu yana okul merdiven filesi, hastane, in\u015faat, ku\u015f filesi, hal\u0131 saha \u00fcst kapama alanlar\u0131nda faaliyet g\u00f6stermeye ba\u015flam\u0131\u015ft\u0131r ve devam etmektedir. \u00d6nceli\u011fimiz i\u015f g\u00fcvenli\u011fi ve insan g\u00fcvenli\u011fidir.<\/p>\n<!-- \/wp:paragraph --><!-- wp:paragraph -->\n<p>\u00a0<\/p>\n<!-- \/wp:paragraph --><!-- wp:quote -->\n<blockquote class=\"wp-block-quote\">\n<p><br \/>\u00dcr\u00fcnlerimiz, 100% Polyamidtir.<\/p>\n<\/blockquote>\n<!-- \/wp:quote --><!-- wp:paragraph -->\n<p>Sekt\u00f6rde, T\u00fcrkiye&#8217;nin bir numaral\u0131 g\u00fcvenlik \u015firketi olmak, hizmet ve \u00fcr\u00fcn kalitesiyle t\u00fcketicinin birinci tercihi olarak s\u00fcreklili\u011fi sa\u011flamak. Faaliyette bulundu\u011fumuz sekt\u00f6rlerde; bireye ve topluma sayg\u0131l\u0131, hukuka, ekonomik ve ahlaki ilkelere ba\u011fl\u0131, sa\u011fl\u0131k, emniyet ve \u00e7evreye duyarl\u0131 olarak Beta File G\u00fcvenlik m\u00fc\u015fterileri, \u00e7al\u0131\u015fanlar\u0131 ve hissedarlar\u0131n\u0131n beklentilerini en \u00fcst seviyede kar\u015f\u0131lamak.<\/p>\n<p>\u00a0<\/p>\n<div class=\"wpb_column vc_column_container vc_col-sm-6\">\n<div class=\"vc_column-inner\">\n<div class=\"wpb_wrapper\">\n<div class=\"aio-icon-component  vc_custom_1564574053886  accent-icon-color style_1\">\n<div id=\"Info-box-wrap-2840\" class=\"aio-icon-box default-icon\">\n<div class=\"aio-icon-header\">\n<h4 class=\"aio-icon-title ult-responsive\" data-ultimate-target=\"#Info-box-wrap-2840 .aio-icon-title\" data-responsive-json-new=\"{&quot;font-size&quot;:&quot;desktop:20px;&quot;,&quot;line-height&quot;:&quot;desktop:30px;&quot;}\">Y\u00fcksek Mukavemet<\/h4>\n<\/div>\n<div class=\"aio-icon-description ult-responsive\" data-ultimate-target=\"#Info-box-wrap-2840 .aio-icon-description\" data-responsive-json-new=\"{&quot;font-size&quot;:&quot;&quot;,&quot;line-height&quot;:&quot;&quot;}\">\u00dcr\u00fcnlerimizin tamam\u0131 y\u00fcksek mukavemetli olarak \u00fcretilmektedir.<\/div>\n<\/div>\n<\/div>\n<\/div>\n<\/div>\n<\/div>\n<div class=\"wpb_column vc_column_container vc_col-sm-6\">\n<div class=\"vc_column-inner\">\n<div class=\"wpb_wrapper\">\n<div class=\"aio-icon-component  vc_custom_1564574578592  accent-icon-color style_1\">\n<div id=\"Info-box-wrap-3550\" class=\"aio-icon-box default-icon\">\n<div class=\"aio-icon-header\">\n<h4 class=\"aio-icon-title ult-responsive\" data-ultimate-target=\"#Info-box-wrap-3550 .aio-icon-title\" data-responsive-json-new=\"{&quot;font-size&quot;:&quot;desktop:20px;&quot;,&quot;line-height&quot;:&quot;desktop:30px;&quot;}\">Polyamid Malzeme<\/h4>\n<\/div>\n<div class=\"aio-icon-description ult-responsive\" data-ultimate-target=\"#Info-box-wrap-3550 .aio-icon-description\" data-responsive-json-new=\"{&quot;font-size&quot;:&quot;&quot;,&quot;line-height&quot;:&quot;&quot;}\">Filelerimiz y\u00fcksek mukavemetli polyamid iplerden \u00fcretilmektedir.<\/div>\n<\/div>\n<\/div>\n<\/div>\n<\/div>\n<\/div>\n<div class=\"wpb_column vc_column_container vc_col-sm-6\">\n<div class=\"vc_column-inner\">\n<div class=\"wpb_wrapper\">\n<div class=\"aio-icon-component  vc_custom_1564574246597  accent-icon-color style_1\">\n<div id=\"Info-box-wrap-9488\" class=\"aio-icon-box default-icon\">\n<div class=\"aio-icon-header\">\n<h4 class=\"aio-icon-title ult-responsive\" data-ultimate-target=\"#Info-box-wrap-9488 .aio-icon-title\" data-responsive-json-new=\"{&quot;font-size&quot;:&quot;desktop:20px;&quot;,&quot;line-height&quot;:&quot;desktop:30px;&quot;}\">\u00d6zel \u00dcretim<\/h4>\n<\/div>\n<div class=\"aio-icon-description ult-responsive\" data-ultimate-target=\"#Info-box-wrap-9488 .aio-icon-description\" data-responsive-json-new=\"{&quot;font-size&quot;:&quot;&quot;,&quot;line-height&quot;:&quot;&quot;}\">\u00dcr\u00fcnlerimizi istenilen \u00f6l\u00e7\u00fc ve ebatlarda \u00fcretebilmekteyiz.<\/div>\n<\/div>\n<\/div>\n<\/div>\n<\/div>\n<\/div>\n<div class=\"wpb_column vc_column_container vc_col-sm-6\">\n<div class=\"vc_column-inner\">\n<div class=\"wpb_wrapper\">\n<div class=\"aio-icon-component  vc_custom_1564574286288  accent-icon-color style_1\">\n<div id=\"Info-box-wrap-2625\" class=\"aio-icon-box default-icon\">\n<div class=\"aio-icon-header\">\n<h4 class=\"aio-icon-title ult-responsive\" data-ultimate-target=\"#Info-box-wrap-2625 .aio-icon-title\" data-responsive-json-new=\"{&quot;font-size&quot;:&quot;desktop:20px;&quot;,&quot;line-height&quot;:&quot;desktop:30px;&quot;}\">Renk Se\u00e7enekleri<\/h4>\n<\/div>\n<div class=\"aio-icon-description ult-responsive\" data-ultimate-target=\"#Info-box-wrap-2625 .aio-icon-description\" data-responsive-json-new=\"{&quot;font-size&quot;:&quot;&quot;,&quot;line-height&quot;:&quot;&quot;}\">T\u00fcm proje ve uygulamalar\u0131n\u0131za \u00f6zel renkte \u00fcretim yap\u0131yoruz.<\/div>\n<\/div>\n<\/div>\n<\/div>\n<\/div>\n<\/div>\n<!-- \/wp:paragraph -->\t\t\t\t\t<\/div>\n\t\t\t\t\t\t<\/div>\n\t\t\t\t<\/div>\n\t\t\t\t\t\t<\/div>\n\t\t\t\t\t<\/div>\n\t\t<\/div>\n\t\t\t\t<div class=\"elementor-column elementor-col-50 elementor-top-column elementor-element elementor-element-0e25f71\" data-id=\"0e25f71\" data-element_type=\"column\">\n\t\t\t<div class=\"elementor-column-wrap elementor-element-populated\">\n\t\t\t\t\t\t\t<div class=\"elementor-widget-wrap\">\n\t\t\t\t\t\t<div class=\"elementor-element elementor-element-af5d575 elementor-widget elementor-widget-image\" data-id=\"af5d575\" data-element_type=\"widget\" data-widget_type=\"image.default\">\n\t\t\t\t<div class=\"elementor-widget-container\">\n\t\t\t\t\t\t\t\t<div class=\"elementor-image\">\n\t\t\t\t\t\t\t\t\t\t\t\t<img width=\"650\" height=\"687\" src=\"https:\/\/merdivenfilesi.com\/wp-content\/uploads\/2020\/10\/Logo-Hareketli.gif\" class=\"attachment-full size-full\" alt=\"\" loading=\"lazy\" \/>\t\t\t\t\t\t\t\t\t\t\t\t\t\t<\/div>\n\t\t\t\t\t\t<\/div>\n\t\t\t\t<\/div>\n\t\t\t\t\t\t<\/div>\n\t\t\t\t\t<\/div>\n\t\t<\/div>\n\t\t\t\t\t\t\t\t<\/div>\n\t\t\t\t\t<\/div>\n\t\t<\/section>\n\t\t\t\t<section class=\"elementor-section elementor-top-section elementor-element elementor-element-2e1d1e5 elementor-section-boxed elementor-section-height-default elementor-section-height-default\" data-id=\"2e1d1e5\" data-element_type=\"section\">\n\t\t\t\t\t\t<div class=\"elementor-container elementor-column-gap-default\">\n\t\t\t\t\t\t\t<div class=\"elementor-row\">\n\t\t\t\t\t<div class=\"elementor-column elementor-col-100 elementor-top-column elementor-element elementor-element-e433bfd\" data-id=\"e433bfd\" data-element_type=\"column\">\n\t\t\t<div class=\"elementor-column-wrap elementor-element-populated\">\n\t\t\t\t\t\t\t<div class=\"elementor-widget-wrap\">\n\t\t\t\t\t\t<div class=\"elementor-element elementor-element-0a9d658 elementor-widget-divider--view-line elementor-widget elementor-widget-divider\" data-id=\"0a9d658\" data-element_type=\"widget\" data-widget_type=\"divider.default\">\n\t\t\t\t<div class=\"elementor-widget-container\">\n\t\t\t\t\t<div class=\"elementor-divider\">\n\t\t\t<span class=\"elementor-divider-separator\">\n\t\t\t\t\t\t<\/span>\n\t\t<\/div>\n\t\t\t\t<\/div>\n\t\t\t\t<\/div>\n\t\t\t\t\t\t<\/div>\n\t\t\t\t\t<\/div>\n\t\t<\/div>\n\t\t\t\t\t\t\t\t<\/div>\n\t\t\t\t\t<\/div>\n\t\t<\/section>\n\t\t\t\t\t\t<\/div>\n\t\t\t\t\t\t<\/div>\n\t\t\t\t\t<\/div>\n\t\t","protected":false},"excerpt":{"rendered":"<p>Beta File, 2012 y\u0131l\u0131ndan bu yana okul merdiven filesi, hastane, in\u015faat, ku\u015f filesi, hal\u0131 saha \u00fcst kapama alanlar\u0131nda faaliyet g\u00f6stermeye ba\u015flam\u0131\u015ft\u0131r ve devam etmektedir. \u00d6nceli\u011fimiz i\u015f g\u00fcvenli\u011fi ve insan g\u00fcvenli\u011fidir. \u00a0 \u00dcr\u00fcnlerimiz, 100% Polyamidtir. Sekt\u00f6rde, T\u00fcrkiye&#8217;nin bir numaral\u0131 g\u00fcvenlik \u015firketi olmak, hizmet ve \u00fcr\u00fcn kalitesiyle t\u00fcketicinin birinci tercihi olarak s\u00fcreklili\u011fi sa\u011flamak. Faaliyette bulundu\u011fumuz sekt\u00f6rlerde; bireye [&hellip;]<\/p>\n","protected":false},"author":1,"featured_media":0,"parent":0,"menu_order":0,"comment_status":"closed","ping_status":"closed","template":"","meta":{"pgc_sgb_lightbox_settings":"","spay_email":""},"_links":{"self":[{"href":"https:\/\/merdivenfilesi.com\/index.php\/wp-json\/wp\/v2\/pages\/124"}],"collection":[{"href":"https:\/\/merdivenfilesi.com\/index.php\/wp-json\/wp\/v2\/pages"}],"about":[{"href":"https:\/\/merdivenfilesi.com\/index.php\/wp-json\/wp\/v2\/types\/page"}],"author":[{"embeddable":true,"href":"https:\/\/merdivenfilesi.com\/index.php\/wp-json\/wp\/v2\/users\/1"}],"replies":[{"embeddable":true,"href":"https:\/\/merdivenfilesi.com\/index.php\/wp-json\/wp\/v2\/comments?post=124"}],"version-history":[{"count":5,"href":"https:\/\/merdivenfilesi.com\/index.php\/wp-json\/wp\/v2\/pages\/124\/revisions"}],"predecessor-version":[{"id":648,"href":"https:\/\/merdivenfilesi.com\/index.php\/wp-json\/wp\/v2\/pages\/124\/revisions\/648"}],"wp:attachment":[{"href":"https:\/\/merdivenfilesi.com\/index.php\/wp-json\/wp\/v2\/media?parent=124"}],"curies":[{"name":"wp","href":"https:\/\/api.w.org\/{rel}","templated":true}]}}