{"id":185,"date":"2019-02-24T20:09:58","date_gmt":"2019-02-24T17:09:58","guid":{"rendered":"http:\/\/merdivenfilesi.com\/?page_id=185"},"modified":"2020-10-01T20:33:50","modified_gmt":"2020-10-01T17:33:50","slug":"cocuk-koruma-filesi","status":"publish","type":"page","link":"https:\/\/merdivenfilesi.com\/index.php\/cocuk-koruma-filesi\/","title":{"rendered":"\u00c7ocuk Koruma Filesi"},"content":{"rendered":"\n<h3>Villa ve evlerde \u00e7ocuklar\u0131 korumak i\u00e7in kullan\u0131lan yap\u0131s\u0131 sa\u011flam g\u00f6zleri s\u0131k bir file \u00e7e\u015fididir.<\/h3>\n\n\n\n<div class=\"wp-block-pgcsimplygalleryblock-masonry\" data-gallery-id=\"92ae0edd_1601573623149\"><script type=\"application\/json\" class=\"sgb-data\">{\"copyRProtection\":true,\"copyRAlert\":\"Hello, this photo is mine!\",\"sliderScrollNavi\":false,\"sliderNextPrevAnimation\":\"animation\",\"galleryScrollPositionControll\":false,\"sliderItemCounterEnable\":true,\"sliderCaptionSrc\":\"caption\",\"sliderItemTitleEnable\":false,\"sliderItemTitleFontSize\":18,\"sliderItemTitleTextColor\":\"rgba(255,255,255,1)\",\"itemCounterColor\":\"rgba(255,255,255,1)\",\"sliderThumbBarEnable\":true,\"sliderThumbBarHoverColor\":\"rgba(240,240,240,1)\",\"sliderBgColor\":\"rgba(0,0,0,0.8)\",\"sliderPreloaderColor\":\"rgba(240,240,240,1)\",\"sliderHeaderFooterBgColor\":\"rgba(0,0,0,0.4)\",\"sliderNavigationColor\":\"rgba(0,0,0,1)\",\"sliderNavigationIconColor\":\"rgba(255,255,255,1)\",\"sliderSlideshow\":true,\"sliderSlideshowDelay\":8,\"slideshowIndicatorColor\":\"rgba(255,255,255,1)\",\"slideshowIndicatorColorBg\":\"rgba(255,255,255,0.5)\",\"sliderThumbSubMenuBackgroundColor\":\"rgba(255,255,255,0)\",\"sliderThumbSubMenuBackgroundColorOver\":\"rgba(255,255,255,1)\",\"sliderThumbSubMenuIconColor\":\"rgba(255,255,255,1)\",\"sliderThumbSubMenuIconHoverColor\":\"rgba(0,0,0,1)\",\"sliderSocialShareEnabled\":true,\"sliderZoomEnable\":true,\"sliderFullscreenEnabled\":true,\"modaBgColor\":\"rgba(0,0,0,0.8)\",\"modalIconColor\":\"rgba(255,255,255,1)\",\"modalIconColorHover\":\"rgba(255,255,255,0.8)\",\"shareFacebook\":true,\"shareTwitter\":true,\"sharePinterest\":true,\"sliderItemDownload\":true,\"shareCopyLink\":true,\"deepLinking\":false,\"useLightbox\":true,\"lazyLoading\":true,\"contentNoPadding\":false,\"galleryPreloaderColor\":\"rgba(230,230,230,1)\",\"galleryBgColor\":\"rgba(0,0,0,0)\",\"galleryBorderRadius\":0,\"collectionColumns\":3,\"collectionThumbRecomendedWidth\":200,\"thumbSpacing\":5,\"externalLink\":true,\"externalLinkDefName\":\"Read More\",\"externalLinkTextColor\":\"rgba(0,0,0,1)\",\"externalLinkBgColor\":\"rgba(255,255,255,1)\",\"externalLinkFontSize\":18,\"captions\":true,\"captionSrc\":\"caption\",\"captionHAlign\":\"top\",\"collectionthumbHoverTitleFontSize\":18,\"collectionthumbRoundedCorners\":0,\"collectionthumbHoverTitleTextColor\":\"rgba(255,255,255,1)\",\"collectionthumbHoverTitleTextBgColor\":\"rgba(0,0,0,0.8)\",\"collectionthumbHoverBgColor\":\"rgba(0,0,0,0.4)\",\"collectionThumbSubMenuDownload\":true,\"collectionThumbSubMenuShare\":true,\"collectionThumbSubMenuBgColor\":\"rgba(0,0,0,0.4)\",\"collectionThumbSubMenuBgColorHover\":\"rgba(255,255,255,1)\",\"collectionThumbSubMenuIconColor\":\"rgba(255,255,255,1)\",\"collectionThumbSubMenuIconColorHover\":\"rgba(0,0,0,1)\",\"galleryType\":\"pgc_sgb_masonry\",\"galleryId\":\"92ae0edd_1601573623149\",\"images\":[{\"id\":226,\"title\":\"IMG-20190217-WA0002\",\"url\":\"http:\/\/merdivenfilesi.com\/wp-content\/uploads\/2019\/02\/IMG-20190217-WA0002.jpg\",\"link\":\"http:\/\/merdivenfilesi.com\/img-20190217-wa0002\/\",\"alt\":\"\",\"description\":\"\",\"caption\":\"\",\"mime\":\"image\/jpeg\",\"type\":\"image\",\"width\":1600,\"height\":900,\"sizes\":{\"thumbnail\":{\"height\":150,\"width\":150,\"url\":\"http:\/\/merdivenfilesi.com\/wp-content\/uploads\/2019\/02\/IMG-20190217-WA0002-150x150.jpg\",\"orientation\":\"landscape\"},\"medium\":{\"height\":169,\"width\":300,\"url\":\"http:\/\/merdivenfilesi.com\/wp-content\/uploads\/2019\/02\/IMG-20190217-WA0002-300x169.jpg\",\"orientation\":\"landscape\"},\"large\":{\"height\":576,\"width\":1024,\"url\":\"http:\/\/merdivenfilesi.com\/wp-content\/uploads\/2019\/02\/IMG-20190217-WA0002-1024x576.jpg\",\"orientation\":\"landscape\"},\"full\":{\"url\":\"http:\/\/merdivenfilesi.com\/wp-content\/uploads\/2019\/02\/IMG-20190217-WA0002.jpg\",\"height\":900,\"width\":1600,\"orientation\":\"landscape\"}},\"meta\":false},{\"id\":227,\"title\":\"IMG-20190221-WA0013\",\"url\":\"http:\/\/merdivenfilesi.com\/wp-content\/uploads\/2019\/02\/IMG-20190221-WA0013.jpg\",\"link\":\"http:\/\/merdivenfilesi.com\/img-20190221-wa0013\/\",\"alt\":\"\",\"description\":\"\",\"caption\":\"\",\"mime\":\"image\/jpeg\",\"type\":\"image\",\"width\":1600,\"height\":1200,\"sizes\":{\"thumbnail\":{\"height\":150,\"width\":150,\"url\":\"http:\/\/merdivenfilesi.com\/wp-content\/uploads\/2019\/02\/IMG-20190221-WA0013-150x150.jpg\",\"orientation\":\"landscape\"},\"medium\":{\"height\":225,\"width\":300,\"url\":\"http:\/\/merdivenfilesi.com\/wp-content\/uploads\/2019\/02\/IMG-20190221-WA0013-300x225.jpg\",\"orientation\":\"landscape\"},\"large\":{\"height\":768,\"width\":1024,\"url\":\"http:\/\/merdivenfilesi.com\/wp-content\/uploads\/2019\/02\/IMG-20190221-WA0013-1024x768.jpg\",\"orientation\":\"landscape\"},\"full\":{\"url\":\"http:\/\/merdivenfilesi.com\/wp-content\/uploads\/2019\/02\/IMG-20190221-WA0013.jpg\",\"height\":1200,\"width\":1600,\"orientation\":\"landscape\"}},\"meta\":false},{\"id\":228,\"title\":\"IMG-20190221-WA0014\",\"url\":\"http:\/\/merdivenfilesi.com\/wp-content\/uploads\/2019\/02\/IMG-20190221-WA0014.jpg\",\"link\":\"http:\/\/merdivenfilesi.com\/img-20190221-wa0014\/\",\"alt\":\"\",\"description\":\"\",\"caption\":\"\",\"mime\":\"image\/jpeg\",\"type\":\"image\",\"width\":1600,\"height\":1200,\"sizes\":{\"thumbnail\":{\"height\":150,\"width\":150,\"url\":\"http:\/\/merdivenfilesi.com\/wp-content\/uploads\/2019\/02\/IMG-20190221-WA0014-150x150.jpg\",\"orientation\":\"landscape\"},\"medium\":{\"height\":225,\"width\":300,\"url\":\"http:\/\/merdivenfilesi.com\/wp-content\/uploads\/2019\/02\/IMG-20190221-WA0014-300x225.jpg\",\"orientation\":\"landscape\"},\"large\":{\"height\":768,\"width\":1024,\"url\":\"http:\/\/merdivenfilesi.com\/wp-content\/uploads\/2019\/02\/IMG-20190221-WA0014-1024x768.jpg\",\"orientation\":\"landscape\"},\"full\":{\"url\":\"http:\/\/merdivenfilesi.com\/wp-content\/uploads\/2019\/02\/IMG-20190221-WA0014.jpg\",\"height\":1200,\"width\":1600,\"orientation\":\"landscape\"}},\"meta\":false},{\"id\":229,\"title\":\"IMG-20190221-WA0015\",\"url\":\"http:\/\/merdivenfilesi.com\/wp-content\/uploads\/2019\/02\/IMG-20190221-WA0015.jpg\",\"link\":\"http:\/\/merdivenfilesi.com\/img-20190221-wa0015\/\",\"alt\":\"\",\"description\":\"\",\"caption\":\"\",\"mime\":\"image\/jpeg\",\"type\":\"image\",\"width\":1600,\"height\":1200,\"sizes\":{\"thumbnail\":{\"height\":150,\"width\":150,\"url\":\"http:\/\/merdivenfilesi.com\/wp-content\/uploads\/2019\/02\/IMG-20190221-WA0015-150x150.jpg\",\"orientation\":\"landscape\"},\"medium\":{\"height\":225,\"width\":300,\"url\":\"http:\/\/merdivenfilesi.com\/wp-content\/uploads\/2019\/02\/IMG-20190221-WA0015-300x225.jpg\",\"orientation\":\"landscape\"},\"large\":{\"height\":768,\"width\":1024,\"url\":\"http:\/\/merdivenfilesi.com\/wp-content\/uploads\/2019\/02\/IMG-20190221-WA0015-1024x768.jpg\",\"orientation\":\"landscape\"},\"full\":{\"url\":\"http:\/\/merdivenfilesi.com\/wp-content\/uploads\/2019\/02\/IMG-20190221-WA0015.jpg\",\"height\":1200,\"width\":1600,\"orientation\":\"landscape\"}},\"meta\":false},{\"id\":230,\"title\":\"IMG-20190221-WA0016\",\"url\":\"http:\/\/merdivenfilesi.com\/wp-content\/uploads\/2019\/02\/IMG-20190221-WA0016.jpg\",\"link\":\"http:\/\/merdivenfilesi.com\/img-20190221-wa0016\/\",\"alt\":\"\",\"description\":\"\",\"caption\":\"\",\"mime\":\"image\/jpeg\",\"type\":\"image\",\"width\":1600,\"height\":1200,\"sizes\":{\"thumbnail\":{\"height\":150,\"width\":150,\"url\":\"http:\/\/merdivenfilesi.com\/wp-content\/uploads\/2019\/02\/IMG-20190221-WA0016-150x150.jpg\",\"orientation\":\"landscape\"},\"medium\":{\"height\":225,\"width\":300,\"url\":\"http:\/\/merdivenfilesi.com\/wp-content\/uploads\/2019\/02\/IMG-20190221-WA0016-300x225.jpg\",\"orientation\":\"landscape\"},\"large\":{\"height\":768,\"width\":1024,\"url\":\"http:\/\/merdivenfilesi.com\/wp-content\/uploads\/2019\/02\/IMG-20190221-WA0016-1024x768.jpg\",\"orientation\":\"landscape\"},\"full\":{\"url\":\"http:\/\/merdivenfilesi.com\/wp-content\/uploads\/2019\/02\/IMG-20190221-WA0016.jpg\",\"height\":1200,\"width\":1600,\"orientation\":\"landscape\"}},\"meta\":false}],\"itemsMetaDataCollection\":[],\"useClobalSettings\":false,\"orderBy\":\"custom\"}<\/script><div class=\"sgb-preloader\"><div class=\"sgb-square\" style=\"background:rgba(230,230,230,1)\"><\/div><div class=\"sgb-square\" style=\"background:rgba(230,230,230,1)\"><\/div><div class=\"sgb-square\" style=\"background:rgba(230,230,230,1)\"><\/div><div class=\"sgb-square\" style=\"background:rgba(230,230,230,1)\"><\/div><\/div><noscript><div class=\"simply-gallery-amp pgc_sgb_masonry\"><div class=\"sgb-gallery\"><div class=\"sgb-item\" data-id=\"226\"><img alt=\"\" width=\"1600\" height=\"1600\" loading=\"lazy\" src=\"http:\/\/merdivenfilesi.com\/wp-content\/uploads\/2019\/02\/IMG-20190217-WA0002.jpg\"><\/div><div class=\"sgb-item\" data-id=\"227\"><img alt=\"\" width=\"1600\" height=\"1600\" loading=\"lazy\" src=\"http:\/\/merdivenfilesi.com\/wp-content\/uploads\/2019\/02\/IMG-20190221-WA0013.jpg\"><\/div><div class=\"sgb-item\" data-id=\"228\"><img alt=\"\" width=\"1600\" height=\"1600\" loading=\"lazy\" src=\"http:\/\/merdivenfilesi.com\/wp-content\/uploads\/2019\/02\/IMG-20190221-WA0014.jpg\"><\/div><div class=\"sgb-item\" data-id=\"229\"><img alt=\"\" width=\"1600\" height=\"1600\" loading=\"lazy\" src=\"http:\/\/merdivenfilesi.com\/wp-content\/uploads\/2019\/02\/IMG-20190221-WA0015.jpg\"><\/div><div class=\"sgb-item\" data-id=\"230\"><img alt=\"\" width=\"1600\" height=\"1600\" loading=\"lazy\" src=\"http:\/\/merdivenfilesi.com\/wp-content\/uploads\/2019\/02\/IMG-20190221-WA0016.jpg\"><\/div><\/div><\/div><\/noscript><\/div>\n\n\n\n<hr class=\"wp-block-separator\"\/>\n\n\n\n<p><\/p>\n","protected":false},"excerpt":{"rendered":"<p>Villa ve evlerde \u00e7ocuklar\u0131 korumak i\u00e7in kullan\u0131lan yap\u0131s\u0131 sa\u011flam g\u00f6zleri s\u0131k bir file \u00e7e\u015fididir.<\/p>\n","protected":false},"author":1,"featured_media":0,"parent":0,"menu_order":0,"comment_status":"closed","ping_status":"closed","template":"","meta":{"pgc_sgb_lightbox_settings":"","spay_email":""},"_links":{"self":[{"href":"https:\/\/merdivenfilesi.com\/index.php\/wp-json\/wp\/v2\/pages\/185"}],"collection":[{"href":"https:\/\/merdivenfilesi.com\/index.php\/wp-json\/wp\/v2\/pages"}],"about":[{"href":"https:\/\/merdivenfilesi.com\/index.php\/wp-json\/wp\/v2\/types\/page"}],"author":[{"embeddable":true,"href":"https:\/\/merdivenfilesi.com\/index.php\/wp-json\/wp\/v2\/users\/1"}],"replies":[{"embeddable":true,"href":"https:\/\/merdivenfilesi.com\/index.php\/wp-json\/wp\/v2\/comments?post=185"}],"version-history":[{"count":3,"href":"https:\/\/merdivenfilesi.com\/index.php\/wp-json\/wp\/v2\/pages\/185\/revisions"}],"predecessor-version":[{"id":660,"href":"https:\/\/merdivenfilesi.com\/index.php\/wp-json\/wp\/v2\/pages\/185\/revisions\/660"}],"wp:attachment":[{"href":"https:\/\/merdivenfilesi.com\/index.php\/wp-json\/wp\/v2\/media?parent=185"}],"curies":[{"name":"wp","href":"https:\/\/api.w.org\/{rel}","templated":true}]}}