{"id":188,"date":"2019-02-24T20:10:54","date_gmt":"2019-02-24T17:10:54","guid":{"rendered":"http:\/\/merdivenfilesi.com\/?page_id=188"},"modified":"2020-10-01T20:43:44","modified_gmt":"2020-10-01T17:43:44","slug":"hastane-guvenlik","status":"publish","type":"page","link":"https:\/\/merdivenfilesi.com\/index.php\/hastane-guvenlik\/","title":{"rendered":"Hastane G\u00fcvenlik"},"content":{"rendered":"\n<h3>Hastane gibi sa\u011fl\u0131k kurulu\u015flar\u0131nda kullan\u0131labilecek tamamen steril bir file \u00e7e\u015fididir.<\/h3>\n\n\n\n<div class=\"wp-block-pgcsimplygalleryblock-masonry\" data-gallery-id=\"2fc534a6_1601574220682\"><script type=\"application\/json\" class=\"sgb-data\">{\"copyRProtection\":true,\"copyRAlert\":\"Hello, this photo is mine!\",\"sliderScrollNavi\":false,\"sliderNextPrevAnimation\":\"animation\",\"galleryScrollPositionControll\":false,\"sliderItemCounterEnable\":true,\"sliderCaptionSrc\":\"caption\",\"sliderItemTitleEnable\":false,\"sliderItemTitleFontSize\":18,\"sliderItemTitleTextColor\":\"rgba(255,255,255,1)\",\"itemCounterColor\":\"rgba(255,255,255,1)\",\"sliderThumbBarEnable\":true,\"sliderThumbBarHoverColor\":\"rgba(240,240,240,1)\",\"sliderBgColor\":\"rgba(0,0,0,0.8)\",\"sliderPreloaderColor\":\"rgba(240,240,240,1)\",\"sliderHeaderFooterBgColor\":\"rgba(0,0,0,0.4)\",\"sliderNavigationColor\":\"rgba(0,0,0,1)\",\"sliderNavigationIconColor\":\"rgba(255,255,255,1)\",\"sliderSlideshow\":true,\"sliderSlideshowDelay\":8,\"slideshowIndicatorColor\":\"rgba(255,255,255,1)\",\"slideshowIndicatorColorBg\":\"rgba(255,255,255,0.5)\",\"sliderThumbSubMenuBackgroundColor\":\"rgba(255,255,255,0)\",\"sliderThumbSubMenuBackgroundColorOver\":\"rgba(255,255,255,1)\",\"sliderThumbSubMenuIconColor\":\"rgba(255,255,255,1)\",\"sliderThumbSubMenuIconHoverColor\":\"rgba(0,0,0,1)\",\"sliderSocialShareEnabled\":true,\"sliderZoomEnable\":true,\"sliderFullscreenEnabled\":true,\"modaBgColor\":\"rgba(0,0,0,0.8)\",\"modalIconColor\":\"rgba(255,255,255,1)\",\"modalIconColorHover\":\"rgba(255,255,255,0.8)\",\"shareFacebook\":true,\"shareTwitter\":true,\"sharePinterest\":true,\"sliderItemDownload\":true,\"shareCopyLink\":true,\"deepLinking\":false,\"useLightbox\":true,\"lazyLoading\":true,\"contentNoPadding\":false,\"galleryPreloaderColor\":\"rgba(230,230,230,1)\",\"galleryBgColor\":\"rgba(0,0,0,0)\",\"galleryBorderRadius\":0,\"collectionColumns\":3,\"collectionThumbRecomendedWidth\":200,\"thumbSpacing\":5,\"externalLink\":true,\"externalLinkDefName\":\"Read More\",\"externalLinkTextColor\":\"rgba(0,0,0,1)\",\"externalLinkBgColor\":\"rgba(255,255,255,1)\",\"externalLinkFontSize\":18,\"captions\":true,\"captionSrc\":\"caption\",\"captionHAlign\":\"top\",\"collectionthumbHoverTitleFontSize\":18,\"collectionthumbRoundedCorners\":0,\"collectionthumbHoverTitleTextColor\":\"rgba(255,255,255,1)\",\"collectionthumbHoverTitleTextBgColor\":\"rgba(0,0,0,0.8)\",\"collectionthumbHoverBgColor\":\"rgba(0,0,0,0.4)\",\"collectionThumbSubMenuDownload\":true,\"collectionThumbSubMenuShare\":true,\"collectionThumbSubMenuBgColor\":\"rgba(0,0,0,0.4)\",\"collectionThumbSubMenuBgColorHover\":\"rgba(255,255,255,1)\",\"collectionThumbSubMenuIconColor\":\"rgba(255,255,255,1)\",\"collectionThumbSubMenuIconColorHover\":\"rgba(0,0,0,1)\",\"galleryType\":\"pgc_sgb_masonry\",\"galleryId\":\"2fc534a6_1601574220682\",\"images\":[{\"id\":232,\"title\":\"IMG-20190217-WA0013\",\"url\":\"http:\/\/merdivenfilesi.com\/wp-content\/uploads\/2019\/02\/IMG-20190217-WA0013.jpg\",\"link\":\"http:\/\/merdivenfilesi.com\/img-20190217-wa0013\/\",\"alt\":\"\",\"description\":\"\",\"caption\":\"\",\"mime\":\"image\/jpeg\",\"type\":\"image\",\"width\":1600,\"height\":900,\"sizes\":{\"thumbnail\":{\"height\":150,\"width\":150,\"url\":\"http:\/\/merdivenfilesi.com\/wp-content\/uploads\/2019\/02\/IMG-20190217-WA0013-150x150.jpg\",\"orientation\":\"landscape\"},\"medium\":{\"height\":169,\"width\":300,\"url\":\"http:\/\/merdivenfilesi.com\/wp-content\/uploads\/2019\/02\/IMG-20190217-WA0013-300x169.jpg\",\"orientation\":\"landscape\"},\"large\":{\"height\":576,\"width\":1024,\"url\":\"http:\/\/merdivenfilesi.com\/wp-content\/uploads\/2019\/02\/IMG-20190217-WA0013-1024x576.jpg\",\"orientation\":\"landscape\"},\"full\":{\"url\":\"http:\/\/merdivenfilesi.com\/wp-content\/uploads\/2019\/02\/IMG-20190217-WA0013.jpg\",\"height\":900,\"width\":1600,\"orientation\":\"landscape\"}},\"meta\":false}],\"itemsMetaDataCollection\":[],\"useClobalSettings\":false,\"orderBy\":\"custom\"}<\/script><div class=\"sgb-preloader\"><div class=\"sgb-square\" style=\"background:rgba(230,230,230,1)\"><\/div><div class=\"sgb-square\" style=\"background:rgba(230,230,230,1)\"><\/div><div class=\"sgb-square\" style=\"background:rgba(230,230,230,1)\"><\/div><div class=\"sgb-square\" style=\"background:rgba(230,230,230,1)\"><\/div><\/div><noscript><div class=\"simply-gallery-amp pgc_sgb_masonry\"><div class=\"sgb-gallery\"><div class=\"sgb-item\" data-id=\"232\"><img alt=\"\" width=\"1600\" height=\"1600\" loading=\"lazy\" src=\"http:\/\/merdivenfilesi.com\/wp-content\/uploads\/2019\/02\/IMG-20190217-WA0013.jpg\"><\/div><\/div><\/div><\/noscript><\/div>\n\n\n\n<hr class=\"wp-block-separator\"\/>\n","protected":false},"excerpt":{"rendered":"<p>Hastane gibi sa\u011fl\u0131k kurulu\u015flar\u0131nda kullan\u0131labilecek tamamen steril bir file \u00e7e\u015fididir.<\/p>\n","protected":false},"author":1,"featured_media":0,"parent":0,"menu_order":0,"comment_status":"closed","ping_status":"closed","template":"","meta":{"pgc_sgb_lightbox_settings":"","spay_email":""},"_links":{"self":[{"href":"https:\/\/merdivenfilesi.com\/index.php\/wp-json\/wp\/v2\/pages\/188"}],"collection":[{"href":"https:\/\/merdivenfilesi.com\/index.php\/wp-json\/wp\/v2\/pages"}],"about":[{"href":"https:\/\/merdivenfilesi.com\/index.php\/wp-json\/wp\/v2\/types\/page"}],"author":[{"embeddable":true,"href":"https:\/\/merdivenfilesi.com\/index.php\/wp-json\/wp\/v2\/users\/1"}],"replies":[{"embeddable":true,"href":"https:\/\/merdivenfilesi.com\/index.php\/wp-json\/wp\/v2\/comments?post=188"}],"version-history":[{"count":3,"href":"https:\/\/merdivenfilesi.com\/index.php\/wp-json\/wp\/v2\/pages\/188\/revisions"}],"predecessor-version":[{"id":667,"href":"https:\/\/merdivenfilesi.com\/index.php\/wp-json\/wp\/v2\/pages\/188\/revisions\/667"}],"wp:attachment":[{"href":"https:\/\/merdivenfilesi.com\/index.php\/wp-json\/wp\/v2\/media?parent=188"}],"curies":[{"name":"wp","href":"https:\/\/api.w.org\/{rel}","templated":true}]}}