{"id":194,"date":"2019-02-24T20:12:32","date_gmt":"2019-02-24T17:12:32","guid":{"rendered":"http:\/\/merdivenfilesi.com\/?page_id=194"},"modified":"2020-10-01T20:36:16","modified_gmt":"2020-10-01T17:36:16","slug":"depo-filesi","status":"publish","type":"page","link":"https:\/\/merdivenfilesi.com\/index.php\/depo-filesi\/","title":{"rendered":"Depo Filesi"},"content":{"rendered":"\n<h3>Depolarda kullan\u0131lan raflar i\u00e7in \u00f6zel tasarlanm\u0131\u015f file \u00e7e\u015fididir.<\/h3>\n\n\n\n<div class=\"wp-block-pgcsimplygalleryblock-masonry\" data-gallery-id=\"c0330c72_1601573770394\"><script type=\"application\/json\" class=\"sgb-data\">{\"copyRProtection\":true,\"copyRAlert\":\"Hello, this photo is mine!\",\"sliderScrollNavi\":false,\"sliderNextPrevAnimation\":\"animation\",\"galleryScrollPositionControll\":false,\"sliderItemCounterEnable\":true,\"sliderCaptionSrc\":\"caption\",\"sliderItemTitleEnable\":false,\"sliderItemTitleFontSize\":18,\"sliderItemTitleTextColor\":\"rgba(255,255,255,1)\",\"itemCounterColor\":\"rgba(255,255,255,1)\",\"sliderThumbBarEnable\":true,\"sliderThumbBarHoverColor\":\"rgba(240,240,240,1)\",\"sliderBgColor\":\"rgba(0,0,0,0.8)\",\"sliderPreloaderColor\":\"rgba(240,240,240,1)\",\"sliderHeaderFooterBgColor\":\"rgba(0,0,0,0.4)\",\"sliderNavigationColor\":\"rgba(0,0,0,1)\",\"sliderNavigationIconColor\":\"rgba(255,255,255,1)\",\"sliderSlideshow\":true,\"sliderSlideshowDelay\":8,\"slideshowIndicatorColor\":\"rgba(255,255,255,1)\",\"slideshowIndicatorColorBg\":\"rgba(255,255,255,0.5)\",\"sliderThumbSubMenuBackgroundColor\":\"rgba(255,255,255,0)\",\"sliderThumbSubMenuBackgroundColorOver\":\"rgba(255,255,255,1)\",\"sliderThumbSubMenuIconColor\":\"rgba(255,255,255,1)\",\"sliderThumbSubMenuIconHoverColor\":\"rgba(0,0,0,1)\",\"sliderSocialShareEnabled\":true,\"sliderZoomEnable\":true,\"sliderFullscreenEnabled\":true,\"modaBgColor\":\"rgba(0,0,0,0.8)\",\"modalIconColor\":\"rgba(255,255,255,1)\",\"modalIconColorHover\":\"rgba(255,255,255,0.8)\",\"shareFacebook\":true,\"shareTwitter\":true,\"sharePinterest\":true,\"sliderItemDownload\":true,\"shareCopyLink\":true,\"deepLinking\":false,\"useLightbox\":true,\"lazyLoading\":true,\"contentNoPadding\":false,\"galleryPreloaderColor\":\"rgba(230,230,230,1)\",\"galleryBgColor\":\"rgba(0,0,0,0)\",\"galleryBorderRadius\":0,\"collectionColumns\":3,\"collectionThumbRecomendedWidth\":200,\"thumbSpacing\":5,\"externalLink\":true,\"externalLinkDefName\":\"Read More\",\"externalLinkTextColor\":\"rgba(0,0,0,1)\",\"externalLinkBgColor\":\"rgba(255,255,255,1)\",\"externalLinkFontSize\":18,\"captions\":true,\"captionSrc\":\"caption\",\"captionHAlign\":\"top\",\"collectionthumbHoverTitleFontSize\":18,\"collectionthumbRoundedCorners\":0,\"collectionthumbHoverTitleTextColor\":\"rgba(255,255,255,1)\",\"collectionthumbHoverTitleTextBgColor\":\"rgba(0,0,0,0.8)\",\"collectionthumbHoverBgColor\":\"rgba(0,0,0,0.4)\",\"collectionThumbSubMenuDownload\":true,\"collectionThumbSubMenuShare\":true,\"collectionThumbSubMenuBgColor\":\"rgba(0,0,0,0.4)\",\"collectionThumbSubMenuBgColorHover\":\"rgba(255,255,255,1)\",\"collectionThumbSubMenuIconColor\":\"rgba(255,255,255,1)\",\"collectionThumbSubMenuIconColorHover\":\"rgba(0,0,0,1)\",\"galleryType\":\"pgc_sgb_masonry\",\"galleryId\":\"c0330c72_1601573770394\",\"images\":[{\"id\":236,\"title\":\"IMG-20190217-WA0005\",\"url\":\"http:\/\/merdivenfilesi.com\/wp-content\/uploads\/2019\/02\/IMG-20190217-WA0005.jpg\",\"link\":\"http:\/\/merdivenfilesi.com\/img-20190217-wa0005\/\",\"alt\":\"\",\"description\":\"\",\"caption\":\"\",\"mime\":\"image\/jpeg\",\"type\":\"image\",\"width\":1600,\"height\":1200,\"sizes\":{\"thumbnail\":{\"height\":150,\"width\":150,\"url\":\"http:\/\/merdivenfilesi.com\/wp-content\/uploads\/2019\/02\/IMG-20190217-WA0005-150x150.jpg\",\"orientation\":\"landscape\"},\"medium\":{\"height\":225,\"width\":300,\"url\":\"http:\/\/merdivenfilesi.com\/wp-content\/uploads\/2019\/02\/IMG-20190217-WA0005-300x225.jpg\",\"orientation\":\"landscape\"},\"large\":{\"height\":768,\"width\":1024,\"url\":\"http:\/\/merdivenfilesi.com\/wp-content\/uploads\/2019\/02\/IMG-20190217-WA0005-1024x768.jpg\",\"orientation\":\"landscape\"},\"full\":{\"url\":\"http:\/\/merdivenfilesi.com\/wp-content\/uploads\/2019\/02\/IMG-20190217-WA0005.jpg\",\"height\":1200,\"width\":1600,\"orientation\":\"landscape\"}},\"meta\":false},{\"id\":237,\"title\":\"IMG-20190221-WA0012\",\"url\":\"http:\/\/merdivenfilesi.com\/wp-content\/uploads\/2019\/02\/IMG-20190221-WA0012.jpg\",\"link\":\"http:\/\/merdivenfilesi.com\/img-20190221-wa0012\/\",\"alt\":\"\",\"description\":\"\",\"caption\":\"\",\"mime\":\"image\/jpeg\",\"type\":\"image\",\"width\":1600,\"height\":1200,\"sizes\":{\"thumbnail\":{\"height\":150,\"width\":150,\"url\":\"http:\/\/merdivenfilesi.com\/wp-content\/uploads\/2019\/02\/IMG-20190221-WA0012-150x150.jpg\",\"orientation\":\"landscape\"},\"medium\":{\"height\":225,\"width\":300,\"url\":\"http:\/\/merdivenfilesi.com\/wp-content\/uploads\/2019\/02\/IMG-20190221-WA0012-300x225.jpg\",\"orientation\":\"landscape\"},\"large\":{\"height\":768,\"width\":1024,\"url\":\"http:\/\/merdivenfilesi.com\/wp-content\/uploads\/2019\/02\/IMG-20190221-WA0012-1024x768.jpg\",\"orientation\":\"landscape\"},\"full\":{\"url\":\"http:\/\/merdivenfilesi.com\/wp-content\/uploads\/2019\/02\/IMG-20190221-WA0012.jpg\",\"height\":1200,\"width\":1600,\"orientation\":\"landscape\"}},\"meta\":false},{\"id\":43,\"title\":\"15\",\"url\":\"http:\/\/merdivenfilesi.com\/wp-content\/uploads\/2019\/02\/15.jpg\",\"link\":\"http:\/\/merdivenfilesi.com\/15\/\",\"alt\":\"\",\"description\":\"\",\"caption\":\"\",\"mime\":\"image\/jpeg\",\"type\":\"image\",\"width\":1280,\"height\":960,\"sizes\":{\"thumbnail\":{\"height\":150,\"width\":150,\"url\":\"http:\/\/merdivenfilesi.com\/wp-content\/uploads\/2019\/02\/15-150x150.jpg\",\"orientation\":\"landscape\"},\"medium\":{\"height\":225,\"width\":300,\"url\":\"http:\/\/merdivenfilesi.com\/wp-content\/uploads\/2019\/02\/15-300x225.jpg\",\"orientation\":\"landscape\"},\"large\":{\"height\":768,\"width\":1024,\"url\":\"http:\/\/merdivenfilesi.com\/wp-content\/uploads\/2019\/02\/15-1024x768.jpg\",\"orientation\":\"landscape\"},\"full\":{\"url\":\"http:\/\/merdivenfilesi.com\/wp-content\/uploads\/2019\/02\/15.jpg\",\"height\":960,\"width\":1280,\"orientation\":\"landscape\"}},\"meta\":false},{\"id\":481,\"title\":\"IMG-20200927-WA0070\",\"url\":\"http:\/\/merdivenfilesi.com\/wp-content\/uploads\/2020\/09\/IMG-20200927-WA0070.jpg\",\"link\":\"http:\/\/merdivenfilesi.com\/img-20200927-wa0070\/\",\"alt\":\"\",\"description\":\"\",\"caption\":\"\",\"mime\":\"image\/jpeg\",\"type\":\"image\",\"width\":1416,\"height\":1062,\"sizes\":{\"thumbnail\":{\"height\":150,\"width\":150,\"url\":\"http:\/\/merdivenfilesi.com\/wp-content\/uploads\/2020\/09\/IMG-20200927-WA0070-150x150.jpg\",\"orientation\":\"landscape\"},\"medium\":{\"height\":225,\"width\":300,\"url\":\"http:\/\/merdivenfilesi.com\/wp-content\/uploads\/2020\/09\/IMG-20200927-WA0070-300x225.jpg\",\"orientation\":\"landscape\"},\"large\":{\"height\":768,\"width\":1024,\"url\":\"http:\/\/merdivenfilesi.com\/wp-content\/uploads\/2020\/09\/IMG-20200927-WA0070-1024x768.jpg\",\"orientation\":\"landscape\"},\"full\":{\"url\":\"http:\/\/merdivenfilesi.com\/wp-content\/uploads\/2020\/09\/IMG-20200927-WA0070.jpg\",\"height\":1062,\"width\":1416,\"orientation\":\"landscape\"}},\"meta\":false},{\"id\":482,\"title\":\"IMG-20200927-WA0085\",\"url\":\"http:\/\/merdivenfilesi.com\/wp-content\/uploads\/2020\/09\/IMG-20200927-WA0085.jpg\",\"link\":\"http:\/\/merdivenfilesi.com\/img-20200927-wa0085\/\",\"alt\":\"\",\"description\":\"\",\"caption\":\"\",\"mime\":\"image\/jpeg\",\"type\":\"image\",\"width\":1600,\"height\":1200,\"sizes\":{\"thumbnail\":{\"height\":150,\"width\":150,\"url\":\"http:\/\/merdivenfilesi.com\/wp-content\/uploads\/2020\/09\/IMG-20200927-WA0085-150x150.jpg\",\"orientation\":\"landscape\"},\"medium\":{\"height\":225,\"width\":300,\"url\":\"http:\/\/merdivenfilesi.com\/wp-content\/uploads\/2020\/09\/IMG-20200927-WA0085-300x225.jpg\",\"orientation\":\"landscape\"},\"large\":{\"height\":768,\"width\":1024,\"url\":\"http:\/\/merdivenfilesi.com\/wp-content\/uploads\/2020\/09\/IMG-20200927-WA0085-1024x768.jpg\",\"orientation\":\"landscape\"},\"full\":{\"url\":\"http:\/\/merdivenfilesi.com\/wp-content\/uploads\/2020\/09\/IMG-20200927-WA0085.jpg\",\"height\":1200,\"width\":1600,\"orientation\":\"landscape\"}},\"meta\":false},{\"id\":483,\"title\":\"IMG-20200927-WA0040\",\"url\":\"http:\/\/merdivenfilesi.com\/wp-content\/uploads\/2020\/09\/IMG-20200927-WA0040.jpg\",\"link\":\"http:\/\/merdivenfilesi.com\/img-20200927-wa0040\/\",\"alt\":\"\",\"description\":\"\",\"caption\":\"\",\"mime\":\"image\/jpeg\",\"type\":\"image\",\"width\":1600,\"height\":385,\"sizes\":{\"thumbnail\":{\"height\":150,\"width\":150,\"url\":\"http:\/\/merdivenfilesi.com\/wp-content\/uploads\/2020\/09\/IMG-20200927-WA0040-150x150.jpg\",\"orientation\":\"landscape\"},\"medium\":{\"height\":72,\"width\":300,\"url\":\"http:\/\/merdivenfilesi.com\/wp-content\/uploads\/2020\/09\/IMG-20200927-WA0040-300x72.jpg\",\"orientation\":\"landscape\"},\"large\":{\"height\":246,\"width\":1024,\"url\":\"http:\/\/merdivenfilesi.com\/wp-content\/uploads\/2020\/09\/IMG-20200927-WA0040-1024x246.jpg\",\"orientation\":\"landscape\"},\"full\":{\"url\":\"http:\/\/merdivenfilesi.com\/wp-content\/uploads\/2020\/09\/IMG-20200927-WA0040.jpg\",\"height\":385,\"width\":1600,\"orientation\":\"landscape\"}},\"meta\":false},{\"id\":484,\"title\":\"IMG-20200927-WA0061\",\"url\":\"http:\/\/merdivenfilesi.com\/wp-content\/uploads\/2020\/09\/IMG-20200927-WA0061.jpg\",\"link\":\"http:\/\/merdivenfilesi.com\/img-20200927-wa0061\/\",\"alt\":\"\",\"description\":\"\",\"caption\":\"\",\"mime\":\"image\/jpeg\",\"type\":\"image\",\"width\":1600,\"height\":1200,\"sizes\":{\"thumbnail\":{\"height\":150,\"width\":150,\"url\":\"http:\/\/merdivenfilesi.com\/wp-content\/uploads\/2020\/09\/IMG-20200927-WA0061-150x150.jpg\",\"orientation\":\"landscape\"},\"medium\":{\"height\":225,\"width\":300,\"url\":\"http:\/\/merdivenfilesi.com\/wp-content\/uploads\/2020\/09\/IMG-20200927-WA0061-300x225.jpg\",\"orientation\":\"landscape\"},\"large\":{\"height\":768,\"width\":1024,\"url\":\"http:\/\/merdivenfilesi.com\/wp-content\/uploads\/2020\/09\/IMG-20200927-WA0061-1024x768.jpg\",\"orientation\":\"landscape\"},\"full\":{\"url\":\"http:\/\/merdivenfilesi.com\/wp-content\/uploads\/2020\/09\/IMG-20200927-WA0061.jpg\",\"height\":1200,\"width\":1600,\"orientation\":\"landscape\"}},\"meta\":false},{\"id\":485,\"title\":\"IMG-20200927-WA0062\",\"url\":\"http:\/\/merdivenfilesi.com\/wp-content\/uploads\/2020\/09\/IMG-20200927-WA0062.jpg\",\"link\":\"http:\/\/merdivenfilesi.com\/img-20200927-wa0062\/\",\"alt\":\"\",\"description\":\"\",\"caption\":\"\",\"mime\":\"image\/jpeg\",\"type\":\"image\",\"width\":1396,\"height\":1047,\"sizes\":{\"thumbnail\":{\"height\":150,\"width\":150,\"url\":\"http:\/\/merdivenfilesi.com\/wp-content\/uploads\/2020\/09\/IMG-20200927-WA0062-150x150.jpg\",\"orientation\":\"landscape\"},\"medium\":{\"height\":225,\"width\":300,\"url\":\"http:\/\/merdivenfilesi.com\/wp-content\/uploads\/2020\/09\/IMG-20200927-WA0062-300x225.jpg\",\"orientation\":\"landscape\"},\"large\":{\"height\":768,\"width\":1024,\"url\":\"http:\/\/merdivenfilesi.com\/wp-content\/uploads\/2020\/09\/IMG-20200927-WA0062-1024x768.jpg\",\"orientation\":\"landscape\"},\"full\":{\"url\":\"http:\/\/merdivenfilesi.com\/wp-content\/uploads\/2020\/09\/IMG-20200927-WA0062.jpg\",\"height\":1047,\"width\":1396,\"orientation\":\"landscape\"}},\"meta\":false},{\"id\":486,\"title\":\"IMG-20200927-WA0065\",\"url\":\"http:\/\/merdivenfilesi.com\/wp-content\/uploads\/2020\/09\/IMG-20200927-WA0065.jpg\",\"link\":\"http:\/\/merdivenfilesi.com\/img-20200927-wa0065\/\",\"alt\":\"\",\"description\":\"\",\"caption\":\"\",\"mime\":\"image\/jpeg\",\"type\":\"image\",\"width\":1416,\"height\":1062,\"sizes\":{\"thumbnail\":{\"height\":150,\"width\":150,\"url\":\"http:\/\/merdivenfilesi.com\/wp-content\/uploads\/2020\/09\/IMG-20200927-WA0065-150x150.jpg\",\"orientation\":\"landscape\"},\"medium\":{\"height\":225,\"width\":300,\"url\":\"http:\/\/merdivenfilesi.com\/wp-content\/uploads\/2020\/09\/IMG-20200927-WA0065-300x225.jpg\",\"orientation\":\"landscape\"},\"large\":{\"height\":768,\"width\":1024,\"url\":\"http:\/\/merdivenfilesi.com\/wp-content\/uploads\/2020\/09\/IMG-20200927-WA0065-1024x768.jpg\",\"orientation\":\"landscape\"},\"full\":{\"url\":\"http:\/\/merdivenfilesi.com\/wp-content\/uploads\/2020\/09\/IMG-20200927-WA0065.jpg\",\"height\":1062,\"width\":1416,\"orientation\":\"landscape\"}},\"meta\":false}],\"itemsMetaDataCollection\":[],\"useClobalSettings\":false,\"orderBy\":\"custom\"}<\/script><div class=\"sgb-preloader\"><div class=\"sgb-square\" style=\"background:rgba(230,230,230,1)\"><\/div><div class=\"sgb-square\" style=\"background:rgba(230,230,230,1)\"><\/div><div class=\"sgb-square\" style=\"background:rgba(230,230,230,1)\"><\/div><div class=\"sgb-square\" style=\"background:rgba(230,230,230,1)\"><\/div><\/div><noscript><div class=\"simply-gallery-amp pgc_sgb_masonry\"><div class=\"sgb-gallery\"><div class=\"sgb-item\" data-id=\"236\"><img alt=\"\" width=\"1600\" height=\"1600\" loading=\"lazy\" src=\"http:\/\/merdivenfilesi.com\/wp-content\/uploads\/2019\/02\/IMG-20190217-WA0005.jpg\"><\/div><div class=\"sgb-item\" data-id=\"237\"><img alt=\"\" width=\"1600\" height=\"1600\" loading=\"lazy\" src=\"http:\/\/merdivenfilesi.com\/wp-content\/uploads\/2019\/02\/IMG-20190221-WA0012.jpg\"><\/div><div class=\"sgb-item\" data-id=\"43\"><img alt=\"\" width=\"1280\" height=\"1280\" loading=\"lazy\" src=\"http:\/\/merdivenfilesi.com\/wp-content\/uploads\/2019\/02\/15.jpg\"><\/div><div class=\"sgb-item\" data-id=\"481\"><img alt=\"\" width=\"1416\" height=\"1416\" loading=\"lazy\" src=\"http:\/\/merdivenfilesi.com\/wp-content\/uploads\/2020\/09\/IMG-20200927-WA0070.jpg\"><\/div><div class=\"sgb-item\" data-id=\"482\"><img alt=\"\" width=\"1600\" height=\"1600\" loading=\"lazy\" src=\"http:\/\/merdivenfilesi.com\/wp-content\/uploads\/2020\/09\/IMG-20200927-WA0085.jpg\"><\/div><div class=\"sgb-item\" data-id=\"483\"><img alt=\"\" width=\"1600\" height=\"1600\" loading=\"lazy\" src=\"http:\/\/merdivenfilesi.com\/wp-content\/uploads\/2020\/09\/IMG-20200927-WA0040.jpg\"><\/div><div class=\"sgb-item\" data-id=\"484\"><img alt=\"\" width=\"1600\" height=\"1600\" loading=\"lazy\" src=\"http:\/\/merdivenfilesi.com\/wp-content\/uploads\/2020\/09\/IMG-20200927-WA0061.jpg\"><\/div><div class=\"sgb-item\" data-id=\"485\"><img alt=\"\" width=\"1396\" height=\"1396\" loading=\"lazy\" src=\"http:\/\/merdivenfilesi.com\/wp-content\/uploads\/2020\/09\/IMG-20200927-WA0062.jpg\"><\/div><div class=\"sgb-item\" data-id=\"486\"><img alt=\"\" width=\"1416\" height=\"1416\" loading=\"lazy\" src=\"http:\/\/merdivenfilesi.com\/wp-content\/uploads\/2020\/09\/IMG-20200927-WA0065.jpg\"><\/div><\/div><\/div><\/noscript><\/div>\n\n\n\n<hr class=\"wp-block-separator\"\/>\n","protected":false},"excerpt":{"rendered":"<p>Depolarda kullan\u0131lan raflar i\u00e7in \u00f6zel tasarlanm\u0131\u015f file \u00e7e\u015fididir.<\/p>\n","protected":false},"author":1,"featured_media":0,"parent":0,"menu_order":0,"comment_status":"closed","ping_status":"closed","template":"","meta":{"pgc_sgb_lightbox_settings":"","spay_email":""},"_links":{"self":[{"href":"https:\/\/merdivenfilesi.com\/index.php\/wp-json\/wp\/v2\/pages\/194"}],"collection":[{"href":"https:\/\/merdivenfilesi.com\/index.php\/wp-json\/wp\/v2\/pages"}],"about":[{"href":"https:\/\/merdivenfilesi.com\/index.php\/wp-json\/wp\/v2\/types\/page"}],"author":[{"embeddable":true,"href":"https:\/\/merdivenfilesi.com\/index.php\/wp-json\/wp\/v2\/users\/1"}],"replies":[{"embeddable":true,"href":"https:\/\/merdivenfilesi.com\/index.php\/wp-json\/wp\/v2\/comments?post=194"}],"version-history":[{"count":3,"href":"https:\/\/merdivenfilesi.com\/index.php\/wp-json\/wp\/v2\/pages\/194\/revisions"}],"predecessor-version":[{"id":662,"href":"https:\/\/merdivenfilesi.com\/index.php\/wp-json\/wp\/v2\/pages\/194\/revisions\/662"}],"wp:attachment":[{"href":"https:\/\/merdivenfilesi.com\/index.php\/wp-json\/wp\/v2\/media?parent=194"}],"curies":[{"name":"wp","href":"https:\/\/api.w.org\/{rel}","templated":true}]}}