{"id":448,"date":"2020-09-30T14:21:23","date_gmt":"2020-09-30T11:21:23","guid":{"rendered":"http:\/\/merdivenfilesi.com\/?page_id=448"},"modified":"2020-10-01T20:48:32","modified_gmt":"2020-10-01T17:48:32","slug":"kedi-koruma-filesi","status":"publish","type":"page","link":"https:\/\/merdivenfilesi.com\/index.php\/kedi-koruma-filesi\/","title":{"rendered":"Kedi Koruma Filesi"},"content":{"rendered":"\n<h3>Evinizin balkonuna veya penceresine uygulanan, kedileri koruma ama\u00e7l\u0131 tasarlanm\u0131\u015f ve uygulad\u0131\u011f\u0131m\u0131z file \u00e7e\u015fididir.<\/h3>\n\n\n\n<div class=\"wp-block-pgcsimplygalleryblock-masonry\" data-gallery-id=\"313ddb0f_1601574507882\"><script type=\"application\/json\" class=\"sgb-data\">{\"copyRProtection\":true,\"copyRAlert\":\"Hello, this photo is mine!\",\"sliderScrollNavi\":false,\"sliderNextPrevAnimation\":\"animation\",\"galleryScrollPositionControll\":false,\"sliderItemCounterEnable\":true,\"sliderCaptionSrc\":\"caption\",\"sliderItemTitleEnable\":false,\"sliderItemTitleFontSize\":18,\"sliderItemTitleTextColor\":\"rgba(255,255,255,1)\",\"itemCounterColor\":\"rgba(255,255,255,1)\",\"sliderThumbBarEnable\":true,\"sliderThumbBarHoverColor\":\"rgba(240,240,240,1)\",\"sliderBgColor\":\"rgba(0,0,0,0.8)\",\"sliderPreloaderColor\":\"rgba(240,240,240,1)\",\"sliderHeaderFooterBgColor\":\"rgba(0,0,0,0.4)\",\"sliderNavigationColor\":\"rgba(0,0,0,1)\",\"sliderNavigationIconColor\":\"rgba(255,255,255,1)\",\"sliderSlideshow\":true,\"sliderSlideshowDelay\":8,\"slideshowIndicatorColor\":\"rgba(255,255,255,1)\",\"slideshowIndicatorColorBg\":\"rgba(255,255,255,0.5)\",\"sliderThumbSubMenuBackgroundColor\":\"rgba(255,255,255,0)\",\"sliderThumbSubMenuBackgroundColorOver\":\"rgba(255,255,255,1)\",\"sliderThumbSubMenuIconColor\":\"rgba(255,255,255,1)\",\"sliderThumbSubMenuIconHoverColor\":\"rgba(0,0,0,1)\",\"sliderSocialShareEnabled\":true,\"sliderZoomEnable\":true,\"sliderFullscreenEnabled\":true,\"modaBgColor\":\"rgba(0,0,0,0.8)\",\"modalIconColor\":\"rgba(255,255,255,1)\",\"modalIconColorHover\":\"rgba(255,255,255,0.8)\",\"shareFacebook\":true,\"shareTwitter\":true,\"sharePinterest\":true,\"sliderItemDownload\":true,\"shareCopyLink\":true,\"deepLinking\":false,\"useLightbox\":true,\"lazyLoading\":true,\"contentNoPadding\":false,\"galleryPreloaderColor\":\"rgba(230,230,230,1)\",\"galleryBgColor\":\"rgba(0,0,0,0)\",\"galleryBorderRadius\":0,\"collectionColumns\":3,\"collectionThumbRecomendedWidth\":200,\"thumbSpacing\":5,\"externalLink\":true,\"externalLinkDefName\":\"Read More\",\"externalLinkTextColor\":\"rgba(0,0,0,1)\",\"externalLinkBgColor\":\"rgba(255,255,255,1)\",\"externalLinkFontSize\":18,\"captions\":true,\"captionSrc\":\"caption\",\"captionHAlign\":\"top\",\"collectionthumbHoverTitleFontSize\":18,\"collectionthumbRoundedCorners\":0,\"collectionthumbHoverTitleTextColor\":\"rgba(255,255,255,1)\",\"collectionthumbHoverTitleTextBgColor\":\"rgba(0,0,0,0.8)\",\"collectionthumbHoverBgColor\":\"rgba(0,0,0,0.4)\",\"collectionThumbSubMenuDownload\":true,\"collectionThumbSubMenuShare\":true,\"collectionThumbSubMenuBgColor\":\"rgba(0,0,0,0.4)\",\"collectionThumbSubMenuBgColorHover\":\"rgba(255,255,255,1)\",\"collectionThumbSubMenuIconColor\":\"rgba(255,255,255,1)\",\"collectionThumbSubMenuIconColorHover\":\"rgba(0,0,0,1)\",\"galleryType\":\"pgc_sgb_masonry\",\"galleryId\":\"313ddb0f_1601574507882\",\"images\":[{\"id\":431,\"title\":\"IMG-20200927-WA0022\",\"url\":\"http:\/\/merdivenfilesi.com\/wp-content\/uploads\/2020\/09\/IMG-20200927-WA0022.jpg\",\"link\":\"http:\/\/merdivenfilesi.com\/img-20200927-wa0022\/\",\"alt\":\"\",\"description\":\"\",\"caption\":\"\",\"mime\":\"image\/jpeg\",\"type\":\"image\",\"width\":1416,\"height\":688,\"sizes\":{\"thumbnail\":{\"height\":150,\"width\":150,\"url\":\"http:\/\/merdivenfilesi.com\/wp-content\/uploads\/2020\/09\/IMG-20200927-WA0022-150x150.jpg\",\"orientation\":\"landscape\"},\"medium\":{\"height\":146,\"width\":300,\"url\":\"http:\/\/merdivenfilesi.com\/wp-content\/uploads\/2020\/09\/IMG-20200927-WA0022-300x146.jpg\",\"orientation\":\"landscape\"},\"large\":{\"height\":498,\"width\":1024,\"url\":\"http:\/\/merdivenfilesi.com\/wp-content\/uploads\/2020\/09\/IMG-20200927-WA0022-1024x498.jpg\",\"orientation\":\"landscape\"},\"full\":{\"url\":\"http:\/\/merdivenfilesi.com\/wp-content\/uploads\/2020\/09\/IMG-20200927-WA0022.jpg\",\"height\":688,\"width\":1416,\"orientation\":\"landscape\"}},\"meta\":false},{\"id\":432,\"title\":\"IMG-20200927-WA0023\",\"url\":\"http:\/\/merdivenfilesi.com\/wp-content\/uploads\/2020\/09\/IMG-20200927-WA0023.jpg\",\"link\":\"http:\/\/merdivenfilesi.com\/img-20200927-wa0023\/\",\"alt\":\"\",\"description\":\"\",\"caption\":\"\",\"mime\":\"image\/jpeg\",\"type\":\"image\",\"width\":1416,\"height\":688,\"sizes\":{\"thumbnail\":{\"height\":150,\"width\":150,\"url\":\"http:\/\/merdivenfilesi.com\/wp-content\/uploads\/2020\/09\/IMG-20200927-WA0023-150x150.jpg\",\"orientation\":\"landscape\"},\"medium\":{\"height\":146,\"width\":300,\"url\":\"http:\/\/merdivenfilesi.com\/wp-content\/uploads\/2020\/09\/IMG-20200927-WA0023-300x146.jpg\",\"orientation\":\"landscape\"},\"large\":{\"height\":498,\"width\":1024,\"url\":\"http:\/\/merdivenfilesi.com\/wp-content\/uploads\/2020\/09\/IMG-20200927-WA0023-1024x498.jpg\",\"orientation\":\"landscape\"},\"full\":{\"url\":\"http:\/\/merdivenfilesi.com\/wp-content\/uploads\/2020\/09\/IMG-20200927-WA0023.jpg\",\"height\":688,\"width\":1416,\"orientation\":\"landscape\"}},\"meta\":false},{\"id\":433,\"title\":\"IMG-20200927-WA0024\",\"url\":\"http:\/\/merdivenfilesi.com\/wp-content\/uploads\/2020\/09\/IMG-20200927-WA0024.jpg\",\"link\":\"http:\/\/merdivenfilesi.com\/img-20200927-wa0024\/\",\"alt\":\"\",\"description\":\"\",\"caption\":\"\",\"mime\":\"image\/jpeg\",\"type\":\"image\",\"width\":1200,\"height\":1600,\"sizes\":{\"thumbnail\":{\"height\":150,\"width\":150,\"url\":\"http:\/\/merdivenfilesi.com\/wp-content\/uploads\/2020\/09\/IMG-20200927-WA0024-150x150.jpg\",\"orientation\":\"landscape\"},\"medium\":{\"height\":300,\"width\":225,\"url\":\"http:\/\/merdivenfilesi.com\/wp-content\/uploads\/2020\/09\/IMG-20200927-WA0024-225x300.jpg\",\"orientation\":\"portrait\"},\"large\":{\"height\":1024,\"width\":768,\"url\":\"http:\/\/merdivenfilesi.com\/wp-content\/uploads\/2020\/09\/IMG-20200927-WA0024-768x1024.jpg\",\"orientation\":\"portrait\"},\"full\":{\"url\":\"http:\/\/merdivenfilesi.com\/wp-content\/uploads\/2020\/09\/IMG-20200927-WA0024.jpg\",\"height\":1600,\"width\":1200,\"orientation\":\"portrait\"}},\"meta\":false},{\"id\":434,\"title\":\"IMG-20200927-WA0025\",\"url\":\"http:\/\/merdivenfilesi.com\/wp-content\/uploads\/2020\/09\/IMG-20200927-WA0025.jpg\",\"link\":\"http:\/\/merdivenfilesi.com\/img-20200927-wa0025\/\",\"alt\":\"\",\"description\":\"\",\"caption\":\"\",\"mime\":\"image\/jpeg\",\"type\":\"image\",\"width\":1200,\"height\":1600,\"sizes\":{\"thumbnail\":{\"height\":150,\"width\":150,\"url\":\"http:\/\/merdivenfilesi.com\/wp-content\/uploads\/2020\/09\/IMG-20200927-WA0025-150x150.jpg\",\"orientation\":\"landscape\"},\"medium\":{\"height\":300,\"width\":225,\"url\":\"http:\/\/merdivenfilesi.com\/wp-content\/uploads\/2020\/09\/IMG-20200927-WA0025-225x300.jpg\",\"orientation\":\"portrait\"},\"large\":{\"height\":1024,\"width\":768,\"url\":\"http:\/\/merdivenfilesi.com\/wp-content\/uploads\/2020\/09\/IMG-20200927-WA0025-768x1024.jpg\",\"orientation\":\"portrait\"},\"full\":{\"url\":\"http:\/\/merdivenfilesi.com\/wp-content\/uploads\/2020\/09\/IMG-20200927-WA0025.jpg\",\"height\":1600,\"width\":1200,\"orientation\":\"portrait\"}},\"meta\":false},{\"id\":435,\"title\":\"IMG-20200927-WA0020\",\"url\":\"http:\/\/merdivenfilesi.com\/wp-content\/uploads\/2020\/09\/IMG-20200927-WA0020.jpg\",\"link\":\"http:\/\/merdivenfilesi.com\/img-20200927-wa0020\/\",\"alt\":\"\",\"description\":\"\",\"caption\":\"\",\"mime\":\"image\/jpeg\",\"type\":\"image\",\"width\":1078,\"height\":1416,\"sizes\":{\"thumbnail\":{\"height\":150,\"width\":150,\"url\":\"http:\/\/merdivenfilesi.com\/wp-content\/uploads\/2020\/09\/IMG-20200927-WA0020-150x150.jpg\",\"orientation\":\"landscape\"},\"medium\":{\"height\":300,\"width\":228,\"url\":\"http:\/\/merdivenfilesi.com\/wp-content\/uploads\/2020\/09\/IMG-20200927-WA0020-228x300.jpg\",\"orientation\":\"portrait\"},\"large\":{\"height\":1024,\"width\":780,\"url\":\"http:\/\/merdivenfilesi.com\/wp-content\/uploads\/2020\/09\/IMG-20200927-WA0020-780x1024.jpg\",\"orientation\":\"portrait\"},\"full\":{\"url\":\"http:\/\/merdivenfilesi.com\/wp-content\/uploads\/2020\/09\/IMG-20200927-WA0020.jpg\",\"height\":1416,\"width\":1078,\"orientation\":\"portrait\"}},\"meta\":false},{\"id\":436,\"title\":\"IMG-20200927-WA0021\",\"url\":\"http:\/\/merdivenfilesi.com\/wp-content\/uploads\/2020\/09\/IMG-20200927-WA0021.jpg\",\"link\":\"http:\/\/merdivenfilesi.com\/img-20200927-wa0021\/\",\"alt\":\"\",\"description\":\"\",\"caption\":\"\",\"mime\":\"image\/jpeg\",\"type\":\"image\",\"width\":965,\"height\":1600,\"sizes\":{\"thumbnail\":{\"height\":150,\"width\":150,\"url\":\"http:\/\/merdivenfilesi.com\/wp-content\/uploads\/2020\/09\/IMG-20200927-WA0021-150x150.jpg\",\"orientation\":\"landscape\"},\"medium\":{\"height\":300,\"width\":181,\"url\":\"http:\/\/merdivenfilesi.com\/wp-content\/uploads\/2020\/09\/IMG-20200927-WA0021-181x300.jpg\",\"orientation\":\"portrait\"},\"large\":{\"height\":1024,\"width\":618,\"url\":\"http:\/\/merdivenfilesi.com\/wp-content\/uploads\/2020\/09\/IMG-20200927-WA0021-618x1024.jpg\",\"orientation\":\"portrait\"},\"full\":{\"url\":\"http:\/\/merdivenfilesi.com\/wp-content\/uploads\/2020\/09\/IMG-20200927-WA0021.jpg\",\"height\":1600,\"width\":965,\"orientation\":\"portrait\"}},\"meta\":false}],\"itemsMetaDataCollection\":[],\"useClobalSettings\":false,\"orderBy\":\"custom\"}<\/script><div class=\"sgb-preloader\"><div class=\"sgb-square\" style=\"background:rgba(230,230,230,1)\"><\/div><div class=\"sgb-square\" style=\"background:rgba(230,230,230,1)\"><\/div><div class=\"sgb-square\" style=\"background:rgba(230,230,230,1)\"><\/div><div class=\"sgb-square\" style=\"background:rgba(230,230,230,1)\"><\/div><\/div><noscript><div class=\"simply-gallery-amp pgc_sgb_masonry\"><div class=\"sgb-gallery\"><div class=\"sgb-item\" data-id=\"431\"><img alt=\"\" width=\"1416\" height=\"1416\" loading=\"lazy\" src=\"http:\/\/merdivenfilesi.com\/wp-content\/uploads\/2020\/09\/IMG-20200927-WA0022.jpg\"><\/div><div class=\"sgb-item\" data-id=\"432\"><img alt=\"\" width=\"1416\" height=\"1416\" loading=\"lazy\" src=\"http:\/\/merdivenfilesi.com\/wp-content\/uploads\/2020\/09\/IMG-20200927-WA0023.jpg\"><\/div><div class=\"sgb-item\" data-id=\"433\"><img alt=\"\" width=\"1200\" height=\"1200\" loading=\"lazy\" src=\"http:\/\/merdivenfilesi.com\/wp-content\/uploads\/2020\/09\/IMG-20200927-WA0024.jpg\"><\/div><div class=\"sgb-item\" data-id=\"434\"><img alt=\"\" width=\"1200\" height=\"1200\" loading=\"lazy\" src=\"http:\/\/merdivenfilesi.com\/wp-content\/uploads\/2020\/09\/IMG-20200927-WA0025.jpg\"><\/div><div class=\"sgb-item\" data-id=\"435\"><img alt=\"\" width=\"1078\" height=\"1078\" loading=\"lazy\" src=\"http:\/\/merdivenfilesi.com\/wp-content\/uploads\/2020\/09\/IMG-20200927-WA0020.jpg\"><\/div><div class=\"sgb-item\" data-id=\"436\"><img alt=\"\" width=\"965\" height=\"965\" loading=\"lazy\" src=\"http:\/\/merdivenfilesi.com\/wp-content\/uploads\/2020\/09\/IMG-20200927-WA0021.jpg\"><\/div><\/div><\/div><\/noscript><\/div>\n\n\n\n<hr class=\"wp-block-separator\"\/>\n\n\n\n<p><\/p>\n","protected":false},"excerpt":{"rendered":"<p>Evinizin balkonuna veya penceresine uygulanan, kedileri koruma ama\u00e7l\u0131 tasarlanm\u0131\u015f ve uygulad\u0131\u011f\u0131m\u0131z file \u00e7e\u015fididir.<\/p>\n","protected":false},"author":1,"featured_media":0,"parent":0,"menu_order":0,"comment_status":"closed","ping_status":"closed","template":"","meta":{"pgc_sgb_lightbox_settings":"","spay_email":""},"_links":{"self":[{"href":"https:\/\/merdivenfilesi.com\/index.php\/wp-json\/wp\/v2\/pages\/448"}],"collection":[{"href":"https:\/\/merdivenfilesi.com\/index.php\/wp-json\/wp\/v2\/pages"}],"about":[{"href":"https:\/\/merdivenfilesi.com\/index.php\/wp-json\/wp\/v2\/types\/page"}],"author":[{"embeddable":true,"href":"https:\/\/merdivenfilesi.com\/index.php\/wp-json\/wp\/v2\/users\/1"}],"replies":[{"embeddable":true,"href":"https:\/\/merdivenfilesi.com\/index.php\/wp-json\/wp\/v2\/comments?post=448"}],"version-history":[{"count":2,"href":"https:\/\/merdivenfilesi.com\/index.php\/wp-json\/wp\/v2\/pages\/448\/revisions"}],"predecessor-version":[{"id":671,"href":"https:\/\/merdivenfilesi.com\/index.php\/wp-json\/wp\/v2\/pages\/448\/revisions\/671"}],"wp:attachment":[{"href":"https:\/\/merdivenfilesi.com\/index.php\/wp-json\/wp\/v2\/media?parent=448"}],"curies":[{"name":"wp","href":"https:\/\/api.w.org\/{rel}","templated":true}]}}