{"id":494,"date":"2020-09-30T15:39:47","date_gmt":"2020-09-30T12:39:47","guid":{"rendered":"http:\/\/merdivenfilesi.com\/?page_id=494"},"modified":"2021-03-03T18:44:47","modified_gmt":"2021-03-03T15:44:47","slug":"kale-filesi","status":"publish","type":"page","link":"https:\/\/merdivenfilesi.com\/index.php\/kale-filesi\/","title":{"rendered":"Kale Filesi"},"content":{"rendered":"\n<h3>Futbol sahalar\u0131nda kulland\u0131\u011f\u0131m\u0131z \u015fiddete dayan\u0131kl\u0131 kale filesi.<\/h3>\n\n\n<div class=\"pgc-sgb-cb wp-block-pgcsimplygalleryblock-masonry\" data-gallery-id=\"dff9d132_1614786267940\">\n\t\t<script type=\"application\/json\" class=\"sgb-data\">{\"copyRProtection\":true,\"copyRAlert\":\"Hello, this photo is mine!\",\"sliderScrollNavi\":false,\"sliderNextPrevAnimation\":\"animation\",\"galleryScrollPositionControll\":false,\"sliderVideoAutoPlay\":false,\"sliderItemCounterEnable\":true,\"sliderCaptionSrc\":\"caption\",\"sliderItemTitleEnable\":false,\"sliderItemTitleFontSize\":18,\"sliderItemTitleTextColor\":\"rgba(255,255,255,1)\",\"itemCounterColor\":\"rgba(255,255,255,1)\",\"sliderThumbBarEnable\":true,\"sliderThumbBarHoverColor\":\"rgba(240,240,240,1)\",\"sliderBgColor\":\"rgba(0,0,0,0.8)\",\"sliderPreloaderColor\":\"rgba(240,240,240,1)\",\"sliderHeaderFooterBgColor\":\"rgba(0,0,0,0.4)\",\"sliderNavigationColor\":\"rgba(0,0,0,1)\",\"sliderNavigationColorOver\":\"rgba(255,255,255,1)\",\"sliderNavigationIconColor\":\"rgba(255,255,255,1)\",\"sliderNavigationIconColorOver\":\"rgba(0,0,0,1)\",\"sliderSlideshow\":true,\"sliderSlideshowDelay\":8,\"slideshowIndicatorColor\":\"rgba(255,255,255,1)\",\"slideshowIndicatorColorBg\":\"rgba(255,255,255,0.5)\",\"sliderThumbSubMenuBackgroundColor\":\"rgba(255,255,255,0)\",\"sliderThumbSubMenuBackgroundColorOver\":\"rgba(255,255,255,1)\",\"sliderThumbSubMenuIconColor\":\"rgba(255,255,255,1)\",\"sliderThumbSubMenuIconHoverColor\":\"rgba(0,0,0,1)\",\"sliderSocialShareEnabled\":true,\"sliderZoomEnable\":true,\"sliderFullscreenEnabled\":true,\"modaBgColor\":\"rgba(0,0,0,0.8)\",\"modalIconColor\":\"rgba(255,255,255,1)\",\"modalIconColorHover\":\"rgba(255,255,255,0.8)\",\"shareFacebook\":true,\"shareTwitter\":true,\"sharePinterest\":true,\"sliderItemDownload\":true,\"shareCopyLink\":true,\"tagsFilter\":false,\"tagCloudAll\":\"All\",\"tagCloudBgColor\":\"rgba(153,153,153,1)\",\"tagCloudBgColorOver\":\"rgba(253,253,253,1)\",\"tagCloudTextColor\":\"rgba(253,253,253,1)\",\"tagCloudTextColorOver\":\"rgba(153,153,153,1)\",\"tagCloudFontSize\":16,\"deepLinking\":false,\"useLightbox\":true,\"numItemsDisplayed\":0,\"lazyLoading\":true,\"contentNoPadding\":false,\"galleryPreloaderColor\":\"rgba(230,230,230,1)\",\"galleryBgColor\":\"rgba(0,0,0,0)\",\"galleryBorderRadius\":0,\"customCSS\":\"\",\"collectionColumns\":3,\"collectionThumbRecomendedWidth\":200,\"thumbSpacing\":5,\"externalLink\":true,\"externalLinkDefName\":\"Read More\",\"externalLinkTextColor\":\"rgba(0,0,0,1)\",\"externalLinkBgColor\":\"rgba(255,255,255,1)\",\"externalLinkFontSize\":18,\"captions\":true,\"captionSrc\":\"caption\",\"captionHAlign\":\"top\",\"collectionthumbHoverTitleFontSize\":18,\"collectionthumbRoundedCorners\":0,\"collectionthumbHoverTitleTextColor\":\"rgba(255,255,255,1)\",\"collectionthumbHoverTitleTextBgColor\":\"rgba(0,0,0,0.8)\",\"collectionthumbHoverBgColor\":\"rgba(0,0,0,0.4)\",\"collectionThumbSubMenuDownload\":true,\"collectionThumbSubMenuShare\":true,\"collectionThumbSubMenuBgColor\":\"rgba(0,0,0,0.4)\",\"collectionThumbSubMenuBgColorHover\":\"rgba(255,255,255,1)\",\"collectionThumbSubMenuIconColor\":\"rgba(255,255,255,1)\",\"collectionThumbSubMenuIconColorHover\":\"rgba(0,0,0,1)\",\"galleryType\":\"pgc_sgb_masonry\",\"galleryId\":\"dff9d132_1614786267940\",\"images\":[{\"id\":747,\"title\":\"Kale Filesi 2\",\"url\":\"http:\\\/\\\/merdivenfilesi.com\\\/wp-content\\\/uploads\\\/2021\\\/03\\\/Kale-Filesi-2.jpg\",\"link\":\"http:\\\/\\\/merdivenfilesi.com\\\/index.php\\\/kale-filesi\\\/kale-filesi-2\\\/\",\"alt\":\"\",\"description\":\"\",\"caption\":\"\",\"mime\":\"image\\\/jpeg\",\"type\":\"image\",\"width\":1080,\"height\":967,\"sizes\":{\"thumbnail\":{\"height\":150,\"width\":150,\"url\":\"http:\\\/\\\/merdivenfilesi.com\\\/wp-content\\\/uploads\\\/2021\\\/03\\\/Kale-Filesi-2-150x150.jpg\",\"orientation\":\"landscape\"},\"medium\":{\"height\":269,\"width\":300,\"url\":\"http:\\\/\\\/merdivenfilesi.com\\\/wp-content\\\/uploads\\\/2021\\\/03\\\/Kale-Filesi-2-300x269.jpg\",\"orientation\":\"landscape\"},\"large\":{\"height\":917,\"width\":1024,\"url\":\"http:\\\/\\\/merdivenfilesi.com\\\/wp-content\\\/uploads\\\/2021\\\/03\\\/Kale-Filesi-2-1024x917.jpg\",\"orientation\":\"landscape\"},\"full\":{\"url\":\"http:\\\/\\\/merdivenfilesi.com\\\/wp-content\\\/uploads\\\/2021\\\/03\\\/Kale-Filesi-2.jpg\",\"height\":967,\"width\":1080,\"orientation\":\"landscape\"}},\"meta\":false},{\"id\":748,\"title\":\"Kale Filesi\",\"url\":\"http:\\\/\\\/merdivenfilesi.com\\\/wp-content\\\/uploads\\\/2021\\\/03\\\/Kale-Filesi.jpg\",\"link\":\"http:\\\/\\\/merdivenfilesi.com\\\/index.php\\\/kale-filesi\\\/kale-filesi-3\\\/\",\"alt\":\"\",\"description\":\"\",\"caption\":\"\",\"mime\":\"image\\\/jpeg\",\"type\":\"image\",\"width\":1065,\"height\":703,\"sizes\":{\"thumbnail\":{\"height\":150,\"width\":150,\"url\":\"http:\\\/\\\/merdivenfilesi.com\\\/wp-content\\\/uploads\\\/2021\\\/03\\\/Kale-Filesi-150x150.jpg\",\"orientation\":\"landscape\"},\"medium\":{\"height\":198,\"width\":300,\"url\":\"http:\\\/\\\/merdivenfilesi.com\\\/wp-content\\\/uploads\\\/2021\\\/03\\\/Kale-Filesi-300x198.jpg\",\"orientation\":\"landscape\"},\"large\":{\"height\":676,\"width\":1024,\"url\":\"http:\\\/\\\/merdivenfilesi.com\\\/wp-content\\\/uploads\\\/2021\\\/03\\\/Kale-Filesi-1024x676.jpg\",\"orientation\":\"landscape\"},\"full\":{\"url\":\"http:\\\/\\\/merdivenfilesi.com\\\/wp-content\\\/uploads\\\/2021\\\/03\\\/Kale-Filesi.jpg\",\"height\":703,\"width\":1065,\"orientation\":\"landscape\"}},\"meta\":false},{\"id\":491,\"title\":\"IMG-20200927-WA0072\",\"url\":\"http:\\\/\\\/merdivenfilesi.com\\\/wp-content\\\/uploads\\\/2020\\\/09\\\/IMG-20200927-WA0072.jpg\",\"link\":\"http:\\\/\\\/merdivenfilesi.com\\\/img-20200927-wa0072\\\/\",\"alt\":\"\",\"description\":\"\",\"caption\":\"\",\"mime\":\"image\\\/jpeg\",\"type\":\"image\",\"width\":1600,\"height\":1200,\"sizes\":{\"thumbnail\":{\"height\":150,\"width\":150,\"url\":\"http:\\\/\\\/merdivenfilesi.com\\\/wp-content\\\/uploads\\\/2020\\\/09\\\/IMG-20200927-WA0072-150x150.jpg\",\"orientation\":\"landscape\"},\"medium\":{\"height\":225,\"width\":300,\"url\":\"http:\\\/\\\/merdivenfilesi.com\\\/wp-content\\\/uploads\\\/2020\\\/09\\\/IMG-20200927-WA0072-300x225.jpg\",\"orientation\":\"landscape\"},\"large\":{\"height\":768,\"width\":1024,\"url\":\"http:\\\/\\\/merdivenfilesi.com\\\/wp-content\\\/uploads\\\/2020\\\/09\\\/IMG-20200927-WA0072-1024x768.jpg\",\"orientation\":\"landscape\"},\"full\":{\"url\":\"http:\\\/\\\/merdivenfilesi.com\\\/wp-content\\\/uploads\\\/2020\\\/09\\\/IMG-20200927-WA0072.jpg\",\"height\":1200,\"width\":1600,\"orientation\":\"landscape\"}},\"meta\":false}],\"itemsMetaDataCollection\":[],\"tagsListCustomMode\":false,\"galleryTagsList\":[],\"useClobalSettings\":false,\"orderBy\":\"custom\",\"skin\":\"masonry\"}<\/script><script type=\"text\/javascript\">(function(){if(window.PGC_SGB && window.PGC_SGB.searcher){window.PGC_SGB.searcher.initBlocks()}})()<\/script><noscript><div class=\"simply-gallery-amp pgc_sgb_slider \"><div class=\"sgb-gallery\"><div class=\"sgb-item\"><a href=\"http:\/\/merdivenfilesi.com\/wp-content\/uploads\/2021\/03\/Kale-Filesi-2.jpg\"><img alt=\"\" width=\"300\" height=\"269\" loading=\"auto\" data-lazy-src=\"\" class=\"skip-lazy no-lazyload noLazy\" src=\"http:\/\/merdivenfilesi.com\/wp-content\/uploads\/2021\/03\/Kale-Filesi-2-300x269.jpg\"\/><\/a><\/div><div class=\"sgb-item\"><a href=\"http:\/\/merdivenfilesi.com\/wp-content\/uploads\/2021\/03\/Kale-Filesi.jpg\"><img alt=\"\" width=\"300\" height=\"198\" loading=\"auto\" data-lazy-src=\"\" class=\"skip-lazy no-lazyload noLazy\" src=\"http:\/\/merdivenfilesi.com\/wp-content\/uploads\/2021\/03\/Kale-Filesi-300x198.jpg\"\/><\/a><\/div><div class=\"sgb-item\"><a href=\"http:\/\/merdivenfilesi.com\/wp-content\/uploads\/2020\/09\/IMG-20200927-WA0072.jpg\"><img alt=\"\" width=\"300\" height=\"225\" loading=\"auto\" data-lazy-src=\"\" class=\"skip-lazy no-lazyload noLazy\" src=\"http:\/\/merdivenfilesi.com\/wp-content\/uploads\/2020\/09\/IMG-20200927-WA0072-300x225.jpg\"\/><\/a><\/div><\/div><\/div><\/noscript><div class=\"sgb-preloader\">\n\t<div class=\"sgb-square\" style=\"background:rgba(230,230,230,1)\"><\/div>\n\t<div class=\"sgb-square\" style=\"background:rgba(230,230,230,1)\"><\/div>\n\t<div class=\"sgb-square\" style=\"background:rgba(230,230,230,1)\"><\/div>\n\t<div class=\"sgb-square\" style=\"background:rgba(230,230,230,1)\"><\/div><\/div><\/div>\n\n\n<hr class=\"wp-block-separator\"\/>\n","protected":false},"excerpt":{"rendered":"<p>Futbol sahalar\u0131nda kulland\u0131\u011f\u0131m\u0131z \u015fiddete dayan\u0131kl\u0131 kale filesi.<\/p>\n","protected":false},"author":1,"featured_media":0,"parent":0,"menu_order":0,"comment_status":"closed","ping_status":"closed","template":"","meta":{"pgc_sgb_lightbox_settings":"","spay_email":""},"_links":{"self":[{"href":"https:\/\/merdivenfilesi.com\/index.php\/wp-json\/wp\/v2\/pages\/494"}],"collection":[{"href":"https:\/\/merdivenfilesi.com\/index.php\/wp-json\/wp\/v2\/pages"}],"about":[{"href":"https:\/\/merdivenfilesi.com\/index.php\/wp-json\/wp\/v2\/types\/page"}],"author":[{"embeddable":true,"href":"https:\/\/merdivenfilesi.com\/index.php\/wp-json\/wp\/v2\/users\/1"}],"replies":[{"embeddable":true,"href":"https:\/\/merdivenfilesi.com\/index.php\/wp-json\/wp\/v2\/comments?post=494"}],"version-history":[{"count":3,"href":"https:\/\/merdivenfilesi.com\/index.php\/wp-json\/wp\/v2\/pages\/494\/revisions"}],"predecessor-version":[{"id":749,"href":"https:\/\/merdivenfilesi.com\/index.php\/wp-json\/wp\/v2\/pages\/494\/revisions\/749"}],"wp:attachment":[{"href":"https:\/\/merdivenfilesi.com\/index.php\/wp-json\/wp\/v2\/media?parent=494"}],"curies":[{"name":"wp","href":"https:\/\/api.w.org\/{rel}","templated":true}]}}