{"id":750,"date":"2021-03-03T18:47:53","date_gmt":"2021-03-03T15:47:53","guid":{"rendered":"http:\/\/merdivenfilesi.com\/?page_id=750"},"modified":"2021-03-03T18:48:13","modified_gmt":"2021-03-03T15:48:13","slug":"kayak-pisti-koruma-filesi","status":"publish","type":"page","link":"https:\/\/merdivenfilesi.com\/index.php\/kayak-pisti-koruma-filesi\/","title":{"rendered":"Kayak Pisti Koruma Filesi"},"content":{"rendered":"\n<h3>Kayak Pistleri i\u00e7in \u00f6zel olarak tasarlad\u0131\u011f\u0131m\u0131z so\u011fu\u011fa kar\u015f\u0131 dayan\u0131kl\u0131 bir file \u00e7e\u015fididir.<\/h3>\n\n\n<div class=\"pgc-sgb-cb wp-block-pgcsimplygalleryblock-masonry\" data-gallery-id=\"22f26633_1614786411919\">\n\t\t<script type=\"application\/json\" class=\"sgb-data\">{\"copyRProtection\":true,\"copyRAlert\":\"Hello, this photo is mine!\",\"sliderScrollNavi\":false,\"sliderNextPrevAnimation\":\"animation\",\"galleryScrollPositionControll\":false,\"sliderVideoAutoPlay\":false,\"sliderItemCounterEnable\":true,\"sliderCaptionSrc\":\"caption\",\"sliderItemTitleEnable\":false,\"sliderItemTitleFontSize\":18,\"sliderItemTitleTextColor\":\"rgba(255,255,255,1)\",\"itemCounterColor\":\"rgba(255,255,255,1)\",\"sliderThumbBarEnable\":true,\"sliderThumbBarHoverColor\":\"rgba(240,240,240,1)\",\"sliderBgColor\":\"rgba(0,0,0,0.8)\",\"sliderPreloaderColor\":\"rgba(240,240,240,1)\",\"sliderHeaderFooterBgColor\":\"rgba(0,0,0,0.4)\",\"sliderNavigationColor\":\"rgba(0,0,0,1)\",\"sliderNavigationColorOver\":\"rgba(255,255,255,1)\",\"sliderNavigationIconColor\":\"rgba(255,255,255,1)\",\"sliderNavigationIconColorOver\":\"rgba(0,0,0,1)\",\"sliderSlideshow\":true,\"sliderSlideshowDelay\":8,\"slideshowIndicatorColor\":\"rgba(255,255,255,1)\",\"slideshowIndicatorColorBg\":\"rgba(255,255,255,0.5)\",\"sliderThumbSubMenuBackgroundColor\":\"rgba(255,255,255,0)\",\"sliderThumbSubMenuBackgroundColorOver\":\"rgba(255,255,255,1)\",\"sliderThumbSubMenuIconColor\":\"rgba(255,255,255,1)\",\"sliderThumbSubMenuIconHoverColor\":\"rgba(0,0,0,1)\",\"sliderSocialShareEnabled\":true,\"sliderZoomEnable\":true,\"sliderFullscreenEnabled\":true,\"modaBgColor\":\"rgba(0,0,0,0.8)\",\"modalIconColor\":\"rgba(255,255,255,1)\",\"modalIconColorHover\":\"rgba(255,255,255,0.8)\",\"shareFacebook\":true,\"shareTwitter\":true,\"sharePinterest\":true,\"sliderItemDownload\":true,\"shareCopyLink\":true,\"tagsFilter\":false,\"tagCloudAll\":\"All\",\"tagCloudBgColor\":\"rgba(153,153,153,1)\",\"tagCloudBgColorOver\":\"rgba(253,253,253,1)\",\"tagCloudTextColor\":\"rgba(253,253,253,1)\",\"tagCloudTextColorOver\":\"rgba(153,153,153,1)\",\"tagCloudFontSize\":16,\"deepLinking\":false,\"useLightbox\":true,\"numItemsDisplayed\":0,\"lazyLoading\":true,\"contentNoPadding\":false,\"galleryPreloaderColor\":\"rgba(230,230,230,1)\",\"galleryBgColor\":\"rgba(0,0,0,0)\",\"galleryBorderRadius\":0,\"customCSS\":\"\",\"collectionColumns\":3,\"collectionThumbRecomendedWidth\":200,\"thumbSpacing\":5,\"externalLink\":true,\"externalLinkDefName\":\"Read More\",\"externalLinkTextColor\":\"rgba(0,0,0,1)\",\"externalLinkBgColor\":\"rgba(255,255,255,1)\",\"externalLinkFontSize\":18,\"captions\":true,\"captionSrc\":\"caption\",\"captionHAlign\":\"top\",\"collectionthumbHoverTitleFontSize\":18,\"collectionthumbRoundedCorners\":0,\"collectionthumbHoverTitleTextColor\":\"rgba(255,255,255,1)\",\"collectionthumbHoverTitleTextBgColor\":\"rgba(0,0,0,0.8)\",\"collectionthumbHoverBgColor\":\"rgba(0,0,0,0.4)\",\"collectionThumbSubMenuDownload\":true,\"collectionThumbSubMenuShare\":true,\"collectionThumbSubMenuBgColor\":\"rgba(0,0,0,0.4)\",\"collectionThumbSubMenuBgColorHover\":\"rgba(255,255,255,1)\",\"collectionThumbSubMenuIconColor\":\"rgba(255,255,255,1)\",\"collectionThumbSubMenuIconColorHover\":\"rgba(0,0,0,1)\",\"galleryType\":\"pgc_sgb_masonry\",\"galleryId\":\"22f26633_1614786411919\",\"images\":[{\"id\":751,\"title\":\"Kayak Pisti \\u00c7evre Koruma Filesi\",\"url\":\"http:\\\/\\\/merdivenfilesi.com\\\/wp-content\\\/uploads\\\/2021\\\/03\\\/Kayak-Pisti-Cevre-Koruma-Filesi.jpg\",\"link\":\"http:\\\/\\\/merdivenfilesi.com\\\/?attachment_id=751\",\"alt\":\"\",\"description\":\"\",\"caption\":\"\",\"mime\":\"image\\\/jpeg\",\"type\":\"image\",\"width\":987,\"height\":753,\"sizes\":{\"thumbnail\":{\"height\":150,\"width\":150,\"url\":\"http:\\\/\\\/merdivenfilesi.com\\\/wp-content\\\/uploads\\\/2021\\\/03\\\/Kayak-Pisti-Cevre-Koruma-Filesi-150x150.jpg\",\"orientation\":\"landscape\"},\"medium\":{\"height\":229,\"width\":300,\"url\":\"http:\\\/\\\/merdivenfilesi.com\\\/wp-content\\\/uploads\\\/2021\\\/03\\\/Kayak-Pisti-Cevre-Koruma-Filesi-300x229.jpg\",\"orientation\":\"landscape\"},\"full\":{\"url\":\"http:\\\/\\\/merdivenfilesi.com\\\/wp-content\\\/uploads\\\/2021\\\/03\\\/Kayak-Pisti-Cevre-Koruma-Filesi.jpg\",\"height\":753,\"width\":987,\"orientation\":\"landscape\"}},\"meta\":false}],\"itemsMetaDataCollection\":[],\"tagsListCustomMode\":false,\"galleryTagsList\":[],\"useClobalSettings\":false,\"orderBy\":\"custom\",\"skin\":\"masonry\"}<\/script><script type=\"text\/javascript\">(function(){if(window.PGC_SGB && window.PGC_SGB.searcher){window.PGC_SGB.searcher.initBlocks()}})()<\/script><noscript><div class=\"simply-gallery-amp pgc_sgb_slider \"><div class=\"sgb-gallery\"><div class=\"sgb-item\"><a href=\"http:\/\/merdivenfilesi.com\/wp-content\/uploads\/2021\/03\/Kayak-Pisti-Cevre-Koruma-Filesi.jpg\"><img alt=\"\" width=\"300\" height=\"229\" loading=\"auto\" data-lazy-src=\"\" class=\"skip-lazy no-lazyload noLazy\" src=\"http:\/\/merdivenfilesi.com\/wp-content\/uploads\/2021\/03\/Kayak-Pisti-Cevre-Koruma-Filesi-300x229.jpg\"\/><\/a><\/div><\/div><\/div><\/noscript><div class=\"sgb-preloader\">\n\t<div class=\"sgb-square\" style=\"background:rgba(230,230,230,1)\"><\/div>\n\t<div class=\"sgb-square\" style=\"background:rgba(230,230,230,1)\"><\/div>\n\t<div class=\"sgb-square\" style=\"background:rgba(230,230,230,1)\"><\/div>\n\t<div class=\"sgb-square\" style=\"background:rgba(230,230,230,1)\"><\/div><\/div><\/div>\n\n\n<hr class=\"wp-block-separator\"\/>\n\n\n\n<p><\/p>\n","protected":false},"excerpt":{"rendered":"<p>Kayak Pistleri i\u00e7in \u00f6zel olarak tasarlad\u0131\u011f\u0131m\u0131z so\u011fu\u011fa kar\u015f\u0131 dayan\u0131kl\u0131 bir file \u00e7e\u015fididir.<\/p>\n","protected":false},"author":1,"featured_media":0,"parent":0,"menu_order":0,"comment_status":"closed","ping_status":"closed","template":"","meta":{"pgc_sgb_lightbox_settings":"","spay_email":""},"_links":{"self":[{"href":"https:\/\/merdivenfilesi.com\/index.php\/wp-json\/wp\/v2\/pages\/750"}],"collection":[{"href":"https:\/\/merdivenfilesi.com\/index.php\/wp-json\/wp\/v2\/pages"}],"about":[{"href":"https:\/\/merdivenfilesi.com\/index.php\/wp-json\/wp\/v2\/types\/page"}],"author":[{"embeddable":true,"href":"https:\/\/merdivenfilesi.com\/index.php\/wp-json\/wp\/v2\/users\/1"}],"replies":[{"embeddable":true,"href":"https:\/\/merdivenfilesi.com\/index.php\/wp-json\/wp\/v2\/comments?post=750"}],"version-history":[{"count":1,"href":"https:\/\/merdivenfilesi.com\/index.php\/wp-json\/wp\/v2\/pages\/750\/revisions"}],"predecessor-version":[{"id":753,"href":"https:\/\/merdivenfilesi.com\/index.php\/wp-json\/wp\/v2\/pages\/750\/revisions\/753"}],"wp:attachment":[{"href":"https:\/\/merdivenfilesi.com\/index.php\/wp-json\/wp\/v2\/media?parent=750"}],"curies":[{"name":"wp","href":"https:\/\/api.w.org\/{rel}","templated":true}]}}